{"id":4188,"date":"2026-04-23T22:22:47","date_gmt":"2026-04-23T20:22:47","guid":{"rendered":"http:\/\/localhost\/borrador\/?post_type=product&#038;p=4188"},"modified":"2026-05-06T16:06:17","modified_gmt":"2026-05-06T21:06:17","slug":"filtro-7093-3m","status":"publish","type":"product","link":"https:\/\/valesafety.com.pe\/?product=filtro-7093-3m","title":{"rendered":"Filtro 7093 3M"},"content":{"rendered":"<h2>Filtro 7093 3M<\/h2>\n<ul>\n<li>Est\u00e1n aprobados para la protecci\u00f3n contra polvos, humos met\u00e1licos y neblinas con o sin aceite.<\/li>\n<li>El \u201cflujo de aire canalizado\u201d aumenta la vida \u00fatil del filtro y provee mayor seguridad.<\/li>\n<li>El aire debe viajar m\u00e1s, por lo que s\u00f3lo las part\u00edculas muy peque\u00f1as, alcanzan el filtro plegado. Chispas, l\u00edquidos y part\u00edculas grandes son desviadas<\/li>\n<li>El <strong data-start=\"58\" data-end=\"76\">filtro 3M 7093<\/strong> est\u00e1 dise\u00f1ado para proporcionar una protecci\u00f3n eficiente contra polvos, humos met\u00e1licos y neblinas con o sin aceite. Es compatible con los respiradores <strong data-start=\"229\" data-end=\"273\">7500, 7800, FX FF-400 y Serie 6000 de 3M<\/strong> , adem\u00e1s de ser aprobado por <strong data-start=\"302\" data-end=\"311\">NIOSH<\/strong> para su uso en entornos con part\u00edculas aceitosas y no aceitosas.<\/li>\n<\/ul>\n<h4 class=\"\" data-start=\"380\" data-end=\"418\"><strong data-start=\"385\" data-end=\"416\">Caracter\u00edsticas Destacadas:<\/strong><\/h4>\n<ul data-start=\"419\" data-end=\"1144\">\n<li class=\"\" data-start=\"419\" data-end=\"595\">\n<p class=\"\" data-start=\"421\" data-end=\"595\">Fabricado con un <strong data-start=\"438\" data-end=\"466\">Medio Filtrante Avanzado<\/strong> , que permite una alta retenci\u00f3n de part\u00edculas con <strong data-start=\"517\" data-end=\"554\">baja resistencia a la respiraci\u00f3n<\/strong> , brindando mayor comodidad al usuario.<\/p>\n<\/li>\n<li class=\"\" data-start=\"596\" data-end=\"781\">\n<p class=\"\" data-start=\"598\" data-end=\"781\">Su dise\u00f1o innovador incrementa la <strong data-start=\"632\" data-end=\"670\">superficie de filtraci\u00f3n en un 50%<\/strong> en comparaci\u00f3n con el modelo anterior 3M 7093, logrando una saturaci\u00f3n m\u00e1s lenta y prolongando su vida \u00fatil.<\/p>\n<\/li>\n<li class=\"\" data-start=\"782\" data-end=\"939\">\n<p class=\"\" data-start=\"784\" data-end=\"939\"><strong data-start=\"784\" data-end=\"851\">Cuenta con tecnolog\u00eda de Medios Electrost\u00e1ticos Avanzados (AEM)<\/strong> , ofreciendo una combinaci\u00f3n \u00f3ptima de ligereza, comodidad y facilidad de respiraci\u00f3n.<\/p>\n<\/li>\n<li class=\"\" data-start=\"940\" data-end=\"1063\">\n<p class=\"\" data-start=\"942\" data-end=\"1063\"><strong data-start=\"942\" data-end=\"988\">Sistema de instalaci\u00f3n de cuarto de vuelta<\/strong> , que permite un montaje r\u00e1pido y seguro en los respiradores compatibles.<\/p>\n<\/li>\n<li class=\"\" data-start=\"1064\" data-end=\"1144\">\n<p class=\"\" data-start=\"1066\" data-end=\"1144\"><strong data-start=\"1066\" data-end=\"1089\">Resistente al fuego<\/strong> , garantizando mayor seguridad en entornos exigentes.<\/p>\n<\/li>\n<\/ul>\n<h4 class=\"\" data-start=\"1146\" data-end=\"1177\"><strong data-start=\"1151\" data-end=\"1175\">Aplicaciones y usos:<\/strong><\/h4>\n<p class=\"\" data-start=\"1178\" data-end=\"1304\">Este filtro es ideal para su uso en diversas industrias y entornos ocupacionales, asegurando protecci\u00f3n en actividades como:<\/p>\n<ul data-start=\"1305\" data-end=\"1735\">\n<li class=\"\" data-start=\"1305\" data-end=\"1403\">\n<p class=\"\" data-start=\"1307\" data-end=\"1403\"><strong data-start=\"1307\" data-end=\"1350\">Soldadura, corte con copleta y voladura<\/strong> , reduciendo la exposici\u00f3n a part\u00edculas peligrosas.<\/p>\n<\/li>\n<li class=\"\" data-start=\"1404\" data-end=\"1632\">\n<p class=\"\" data-start=\"1406\" data-end=\"1632\"><strong data-start=\"1406\" data-end=\"1461\">Trabajos con plomo, ars\u00e9nico, cadmio, asbesto y MDA<\/strong> , protegiendo contra concentraciones de hasta 10 veces el <strong data-start=\"1519\" data-end=\"1560\">l\u00edmite de exposici\u00f3n permisible (PEL)<\/strong> en medias m\u00e1scaras y hasta 50 veces el <strong data-start=\"1600\" data-end=\"1607\">PEL<\/strong> en m\u00e1scaras completas.<\/p>\n<\/li>\n<li class=\"\" data-start=\"1633\" data-end=\"1735\">\n<p class=\"\" data-start=\"1635\" data-end=\"1735\"><strong data-start=\"1635\" data-end=\"1667\">Fundici\u00f3n y vertido de metal<\/strong> , donde se requiere filtraci\u00f3n eficiente de part\u00edculas en el aire.<\/p>\n<\/li>\n<\/ul>\n<p class=\"\" data-start=\"1737\" data-end=\"2008\">Las <strong data-start=\"1741\" data-end=\"1763\">m\u00e1scaras completas<\/strong> deben someterse a pruebas cuantitativas para garantizar un <strong data-start=\"1823\" data-end=\"1856\">factor de protecci\u00f3n adecuado<\/strong> cuando se usan en modo de presi\u00f3n negativa. Este filtro <strong data-start=\"1913\" data-end=\"2005\">no debe utilizarse en ambientes inmediatamente peligrosos para la vida o la salud (IDLH)<\/strong> .<\/p>\n<p class=\"\" data-start=\"2010\" data-end=\"2244\">Con un dise\u00f1o ergon\u00f3mico, tecnolog\u00eda avanzada y compatibilidad con una amplia gama de respiradores, el <strong data-start=\"2113\" data-end=\"2131\">filtro 3M 7093<\/strong> es una excelente opci\u00f3n para trabajadores que requieren <strong data-start=\"2188\" data-end=\"2243\">seguridad y comodidad en entornos de alta exigencia<\/strong> .<\/p>\n<p>Necesitas m\u00e1s productos encu\u00e9ntralos en nuestra <a href=\"https:\/\/valesafety.com.pe\/tienda\">tienda\u00a0<\/a><\/p>\n<p>Para m\u00e1s informaci\u00f3n sobre este y otros productos, no dudes en contactarnos por\u00a0<a href=\"http:\/\/wa.me\/51923151009\" target=\"_blank\" rel=\"noopener\">WhatsApp<\/a>.<\/p>\n","protected":false},"excerpt":{"rendered":"<p>El Filtro 7093 3M\u00a0P100, es fundamental en entornos industriales y laboratorios. Garantiza la seguridad del usuario al ofrecer una protecci\u00f3n superior contra part\u00edculas s\u00f3lidas y l\u00edquidas, as\u00ed como aerosoles de aceite y agentes qu\u00edmicos.<\/p>\n<p>Puede ser utilizado con los respiradores 7500, 7800, FX FF-400 y serie 6000 de 3M, a su vez est\u00e1n aprobados para la protecci\u00f3n contra polvos, humos met\u00e1licos y neblinas con o sin aceite.<\/p>\n<p>Ofrece protecci\u00f3n respiratoria avanzada contra part\u00edculas aceitosas y no aceitosas, con una eficiencia de filtraci\u00f3n del 99.97% y un dise\u00f1o robusto para entornos industriales exigentes.<\/p>\n","protected":false},"featured_media":4260,"comment_status":"closed","ping_status":"closed","template":"","meta":{"_acf_changed":false},"product_brand":[38],"product_cat":[98,62],"product_tag":[],"class_list":{"0":"post-4188","1":"product","2":"type-product","3":"status-publish","4":"has-post-thumbnail","6":"product_brand-3m","7":"product_cat-filtros","8":"product_cat-proteccion-respiratoria","10":"first","11":"instock","12":"shipping-taxable","13":"purchasable","14":"product-type-simple"},"acf":[],"_links":{"self":[{"href":"https:\/\/valesafety.com.pe\/index.php?rest_route=\/wp\/v2\/product\/4188","targetHints":{"allow":["GET"]}}],"collection":[{"href":"https:\/\/valesafety.com.pe\/index.php?rest_route=\/wp\/v2\/product"}],"about":[{"href":"https:\/\/valesafety.com.pe\/index.php?rest_route=\/wp\/v2\/types\/product"}],"replies":[{"embeddable":true,"href":"https:\/\/valesafety.com.pe\/index.php?rest_route=%2Fwp%2Fv2%2Fcomments&post=4188"}],"wp:featuredmedia":[{"embeddable":true,"href":"https:\/\/valesafety.com.pe\/index.php?rest_route=\/wp\/v2\/media\/4260"}],"wp:attachment":[{"href":"https:\/\/valesafety.com.pe\/index.php?rest_route=%2Fwp%2Fv2%2Fmedia&parent=4188"}],"wp:term":[{"taxonomy":"product_brand","embeddable":true,"href":"https:\/\/valesafety.com.pe\/index.php?rest_route=%2Fwp%2Fv2%2Fproduct_brand&post=4188"},{"taxonomy":"product_cat","embeddable":true,"href":"https:\/\/valesafety.com.pe\/index.php?rest_route=%2Fwp%2Fv2%2Fproduct_cat&post=4188"},{"taxonomy":"product_tag","embeddable":true,"href":"https:\/\/valesafety.com.pe\/index.php?rest_route=%2Fwp%2Fv2%2Fproduct_tag&post=4188"}],"curies":[{"name":"wp","href":"https:\/\/api.w.org\/{rel}","templated":true}]}}