{"id":4187,"date":"2026-04-23T22:22:47","date_gmt":"2026-04-23T20:22:47","guid":{"rendered":"http:\/\/localhost\/borrador\/?post_type=product&#038;p=4187"},"modified":"2026-05-06T16:02:33","modified_gmt":"2026-05-06T21:02:33","slug":"filtro-2097-3m","status":"publish","type":"product","link":"https:\/\/valesafety.com.pe\/?product=filtro-2097-3m","title":{"rendered":"Filtro 2097 3M"},"content":{"rendered":"<h2>Filtro 2097 3M<\/h2>\n<h4 class=\"\" data-start=\"55\" data-end=\"81\"><strong data-start=\"60\" data-end=\"79\">Compatibilidad:<\/strong><\/h4>\n<ul data-start=\"82\" data-end=\"257\">\n<li class=\"\" data-start=\"82\" data-end=\"158\">\n<p class=\"\" data-start=\"84\" data-end=\"158\">Compatible con los respiradores de la <strong data-start=\"122\" data-end=\"155\">Serie 7500 y Serie 6000 de 3M<\/strong> .<\/p>\n<\/li>\n<li class=\"\" data-start=\"159\" data-end=\"257\">\n<p class=\"\" data-start=\"161\" data-end=\"257\">Dise\u00f1ado para un compa\u00f1ero seguro y eficiente en estos modelos, garantizando un sellado adecuado.<\/p>\n<\/li>\n<\/ul>\n<h4 class=\"\" data-start=\"259\" data-end=\"281\"><strong data-start=\"264\" data-end=\"279\">Protecci\u00f3n:<\/strong><\/h4>\n<ul data-start=\"282\" data-end=\"706\">\n<li class=\"\" data-start=\"282\" data-end=\"385\">\n<p class=\"\" data-start=\"284\" data-end=\"385\">Aprobado para la protecci\u00f3n contra <strong data-start=\"319\" data-end=\"351\">aerosoles s\u00f3lidos y l\u00edquidos<\/strong> , con o sin presencia de aceite.<\/p>\n<\/li>\n<li class=\"\" data-start=\"386\" data-end=\"557\">\n<p class=\"\" data-start=\"388\" data-end=\"557\">Fabricado con un <strong data-start=\"405\" data-end=\"448\">Medio Filtrante Electrost\u00e1tico Avanzado<\/strong> , un sistema innovador que retiene part\u00edculas con alta eficiencia y reduce la resistencia a la respiraci\u00f3n.<\/p>\n<\/li>\n<li class=\"\" data-start=\"558\" data-end=\"706\">\n<p class=\"\" data-start=\"560\" data-end=\"706\">Ofrece <strong data-start=\"567\" data-end=\"605\">protecci\u00f3n espec\u00edfica contra Ozono<\/strong> y <strong data-start=\"608\" data-end=\"649\">niveles molestos de Vapores Org\u00e1nicos<\/strong> , gracias a su <strong data-start=\"664\" data-end=\"703\">medio filtrante eliminador de olores<\/strong> .<\/p>\n<\/li>\n<\/ul>\n<h4 class=\"\" data-start=\"708\" data-end=\"741\"><strong data-start=\"713\" data-end=\"739\">Beneficios del dise\u00f1o:<\/strong><\/h4>\n<ul data-start=\"742\" data-end=\"1003\">\n<li class=\"\" data-start=\"742\" data-end=\"827\">\n<p class=\"\" data-start=\"744\" data-end=\"827\">Mayor eficiencia en la filtraci\u00f3n de part\u00edculas sin comprometer el flujo de aire.<\/p>\n<\/li>\n<li class=\"\" data-start=\"828\" data-end=\"899\">\n<p class=\"\" data-start=\"830\" data-end=\"899\">Menor ca\u00edda de presi\u00f3n, lo que facilita la respiraci\u00f3n del usuario.<\/p>\n<\/li>\n<li class=\"\" data-start=\"900\" data-end=\"1003\">\n<p class=\"\" data-start=\"902\" data-end=\"1003\">Dise\u00f1o ligero y de bajo perfil, permitiendo una mejor visibilidad y comodidad en su uso prolongado.<\/p>\n<\/li>\n<\/ul>\n<h4 class=\"\" data-start=\"1005\" data-end=\"1042\"><strong data-start=\"1010\" data-end=\"1040\">Aplicaciones recomendadas:<\/strong><\/h4>\n<p class=\"\" data-start=\"1043\" data-end=\"1164\">El filtro 3M 2097 es ideal para entornos donde se requiere una alta eficiencia de filtraci\u00f3n de part\u00edculas, tales como:<\/p>\n<ul>\n<li style=\"list-style-type: none;\">\n<ul data-start=\"1165\" data-end=\"1740\">\n<li class=\"\" data-start=\"1165\" data-end=\"1284\">\n<p class=\"\" data-start=\"1167\" data-end=\"1284\"><strong data-start=\"1167\" data-end=\"1213\">Exposici\u00f3n a part\u00edculas reguladas por OSHA<\/strong> , asegurando la protecci\u00f3n adecuada en ambientes laborales exigentes.<\/p>\n<\/li>\n<li class=\"\" data-start=\"1285\" data-end=\"1400\">\n<p class=\"\" data-start=\"1287\" data-end=\"1400\"><strong data-start=\"1287\" data-end=\"1313\">Industria farmac\u00e9utica<\/strong> , donde se requiere protecci\u00f3n contra part\u00edculas contaminantes y sustancias qu\u00edmicas.<\/p>\n<\/li>\n<li class=\"\" data-start=\"1401\" data-end=\"1508\">\n<p class=\"\" data-start=\"1403\" data-end=\"1508\"><strong data-start=\"1403\" data-end=\"1438\">Procesos de soldadura el\u00e9ctrica<\/strong> , minimizando la exposici\u00f3n a humos met\u00e1licos y otros contaminantes.<\/p>\n<\/li>\n<li class=\"\" data-start=\"1509\" data-end=\"1617\">\n<p class=\"\" data-start=\"1511\" data-end=\"1617\"><strong data-start=\"1511\" data-end=\"1552\">Trabajos con plomo, cadmio y ars\u00e9nico<\/strong> , reduciendo los riesgos de exposici\u00f3n a estos metales pesados.<\/p>\n<\/li>\n<li class=\"\" data-start=\"1618\" data-end=\"1740\">\n<p class=\"\" data-start=\"1620\" data-end=\"1740\"><strong data-start=\"1620\" data-end=\"1675\">Procesos qu\u00edmicos y revestimientos (base asf\u00e1ltica)<\/strong> , donde se generan part\u00edculas y vapores potencialmente nocivos.<\/p>\n<\/li>\n<\/ul>\n<\/li>\n<\/ul>\n<p>Necesitas m\u00e1s productos encu\u00e9ntralos en nuestra <a href=\"https:\/\/valesafety.com.pe\/tienda\">tienda\u00a0<\/a><\/p>\n<p>Para m\u00e1s informaci\u00f3n sobre este y otros productos, no dudes en contactarnos por\u00a0<a href=\"http:\/\/wa.me\/51923151009\" target=\"_blank\" rel=\"noopener\">WhatsApp<\/a>.<\/p>\n","protected":false},"excerpt":{"rendered":"<p>El <strong data-start=\"3\" data-end=\"18\">filtro 2097<\/strong> de 3M es una opci\u00f3n eficiente y confiable para la protecci\u00f3n contra aerosoles s\u00f3lidos y l\u00edquidos con o sin aceite. Compatible con los respiradores de la Serie 7500 y Serie 6000 de 3M, cuenta con un <strong data-start=\"217\" data-end=\"260\">Medio Filtrante Electrost\u00e1tico Avanzado<\/strong> que mejora la retenci\u00f3n de part\u00edculas con menor resistencia a la respiraci\u00f3n. Adem\u00e1s, est\u00e1 dise\u00f1ado para brindar protecci\u00f3n contra <strong data-start=\"392\" data-end=\"441\">ozono y niveles molestos de vapores org\u00e1nicos<\/strong> , siendo ideal para aplicaciones en soldadura, procesos qu\u00edmicos, industria farmac\u00e9utica y exposici\u00f3n a metales pesados \u200b\u200bcomo plomo y cadmio.<\/p>\n","protected":false},"featured_media":4253,"comment_status":"closed","ping_status":"closed","template":"","meta":{"_acf_changed":false},"product_brand":[38],"product_cat":[98,62],"product_tag":[217],"class_list":{"0":"post-4187","1":"product","2":"type-product","3":"status-publish","4":"has-post-thumbnail","6":"product_brand-3m","7":"product_cat-filtros","8":"product_cat-proteccion-respiratoria","9":"product_tag-filtros","11":"first","12":"instock","13":"shipping-taxable","14":"purchasable","15":"product-type-simple"},"acf":[],"_links":{"self":[{"href":"https:\/\/valesafety.com.pe\/index.php?rest_route=\/wp\/v2\/product\/4187","targetHints":{"allow":["GET"]}}],"collection":[{"href":"https:\/\/valesafety.com.pe\/index.php?rest_route=\/wp\/v2\/product"}],"about":[{"href":"https:\/\/valesafety.com.pe\/index.php?rest_route=\/wp\/v2\/types\/product"}],"replies":[{"embeddable":true,"href":"https:\/\/valesafety.com.pe\/index.php?rest_route=%2Fwp%2Fv2%2Fcomments&post=4187"}],"wp:featuredmedia":[{"embeddable":true,"href":"https:\/\/valesafety.com.pe\/index.php?rest_route=\/wp\/v2\/media\/4253"}],"wp:attachment":[{"href":"https:\/\/valesafety.com.pe\/index.php?rest_route=%2Fwp%2Fv2%2Fmedia&parent=4187"}],"wp:term":[{"taxonomy":"product_brand","embeddable":true,"href":"https:\/\/valesafety.com.pe\/index.php?rest_route=%2Fwp%2Fv2%2Fproduct_brand&post=4187"},{"taxonomy":"product_cat","embeddable":true,"href":"https:\/\/valesafety.com.pe\/index.php?rest_route=%2Fwp%2Fv2%2Fproduct_cat&post=4187"},{"taxonomy":"product_tag","embeddable":true,"href":"https:\/\/valesafety.com.pe\/index.php?rest_route=%2Fwp%2Fv2%2Fproduct_tag&post=4187"}],"curies":[{"name":"wp","href":"https:\/\/api.w.org\/{rel}","templated":true}]}}