{"id":4185,"date":"2026-04-23T22:22:47","date_gmt":"2026-04-23T20:22:47","guid":{"rendered":"http:\/\/localhost\/borrador\/?post_type=product&#038;p=4185"},"modified":"2026-05-06T18:36:23","modified_gmt":"2026-05-06T23:36:23","slug":"mascara-fotosensible-libus","status":"publish","type":"product","link":"https:\/\/valesafety.com.pe\/?product=mascara-fotosensible-libus","title":{"rendered":"M\u00e1scara Fotosensible Libus"},"content":{"rendered":"<h2>Mascara fotosensible<\/h2>\n<article class=\"group\/turn w-full text-token-text-primary focus-visible:outline-none\" dir=\"auto\" tabindex=\"-1\" data-testid=\"conversation-turn-4\" data-scroll-anchor=\"true\">\n<div class=\"text-base my-auto mx-auto py-5 px-6\">\n<div class=\"mx-auto flex flex-1 text-base gap-4 md:gap-5 lg:gap-6 md:max-w-3xl\">\n<div class=\"group\/conversation-turn relative flex w-full min-w-0 flex-col agent-turn @xs\/thread:px-0 @sm\/thread:px-1.5 @md\/thread:px-4\">\n<div class=\"relative flex-col gap-1 md:gap-3\">\n<div class=\"flex max-w-full flex-col flex-grow\">\n<div class=\"min-h-8 text-message relative flex w-full flex-col items-end gap-2 whitespace-normal break-words text-start [.text-message+&amp;]:mt-5\" dir=\"auto\" data-message-author-role=\"assistant\" data-message-id=\"26979017-0207-4bb8-abfc-001351900e99\" data-message-model-slug=\"gpt-4o\">\n<div class=\"flex w-full flex-col gap-1 empty:hidden first:pt-[3px]\">\n<div class=\"markdown prose w-full break-words dark:prose-invert dark\">\n<ul data-start=\"0\" data-end=\"349\" data-is-last-node=\"\" data-is-only-node=\"\">\n<li class=\"\" data-start=\"0\" data-end=\"53\">\n<p class=\"\" data-start=\"2\" data-end=\"53\">Dise\u00f1o ergon\u00f3mico y liviano para mayor comodidad.<\/p>\n<\/li>\n<li class=\"\" data-start=\"54\" data-end=\"131\">\n<p class=\"\" data-start=\"56\" data-end=\"131\">Fabricada en resina termopl\u00e1stica para ofrecer resistencia y durabilidad.<\/p>\n<\/li>\n<li class=\"\" data-start=\"132\" data-end=\"223\">\n<p class=\"\" data-start=\"134\" data-end=\"223\">Arn\u00e9s de sujeci\u00f3n ajustable en altura, per\u00edmetro y \u00e1ngulo para un ajuste personalizado.<\/p>\n<\/li>\n<li class=\"\" data-start=\"224\" data-end=\"349\">\n<p class=\"\" data-start=\"226\" data-end=\"349\">Equipado con un filtro fotosensible de oscurecimiento autom\u00e1tico, que se activa al detectar el arco el\u00e9ctrico de soldadura.<\/p>\n<\/li>\n<li class=\"ui-vpp-highlighted-specs__features-list-item ui-pdp-color--BLACK ui-pdp-size--XSMALL ui-pdp-family--REGULAR\">Marca reconocida: CENTURION LIBUS<\/li>\n<\/ul>\n<\/div>\n<\/div>\n<\/div>\n<\/div>\n<\/div>\n<\/div>\n<\/div>\n<\/div>\n<\/article>\n<p>Necesitas m\u00e1s productos encu\u00e9ntralos en nuestra <a href=\"https:\/\/valesafety.com.pe\/tienda\">tienda\u00a0<\/a><\/p>\n<p>Para m\u00e1s informaci\u00f3n sobre este y otros productos, no dudes en contactarnos por\u00a0<a href=\"http:\/\/wa.me\/51923151009\" target=\"_blank\" rel=\"noopener\">WhatsApp<\/a>.<\/p>\n","protected":false},"excerpt":{"rendered":"<article class=\"group\/turn w-full text-token-text-primary focus-visible:outline-none\" dir=\"auto\" tabindex=\"-1\" data-testid=\"conversation-turn-6\" data-scroll-anchor=\"true\">\n<div class=\"text-base my-auto mx-auto py-5 px-6\">\n<div class=\"mx-auto flex flex-1 text-base gap-4 md:gap-5 lg:gap-6 md:max-w-3xl\">\n<div class=\"group\/conversation-turn relative flex w-full min-w-0 flex-col agent-turn @xs\/thread:px-0 @sm\/thread:px-1.5 @md\/thread:px-4\">\n<div class=\"relative flex-col gap-1 md:gap-3\">\n<div class=\"flex max-w-full flex-col flex-grow\">\n<div class=\"min-h-8 text-message relative flex w-full flex-col items-end gap-2 whitespace-normal break-words text-start [.text-message+&amp;]:mt-5\" dir=\"auto\" data-message-author-role=\"assistant\" data-message-id=\"a5c1da86-dac8-467a-b2fc-f3a8ededff91\" data-message-model-slug=\"gpt-4o\">\n<div class=\"flex w-full flex-col gap-1 empty:hidden first:pt-[3px]\">\n<div class=\"markdown prose w-full break-words dark:prose-invert dark\">\n<p class=\"\" data-start=\"0\" data-end=\"454\">M\u00e1scara de soldadura dise\u00f1ada para brindar comodidad y protecci\u00f3n al usuario. Su estructura liviana y ergon\u00f3mica, fabricada en resina termopl\u00e1stica, garantiza resistencia y facilidad de uso. Cuenta con un arn\u00e9s ajustable para un ajuste seguro y personalizado. Adem\u00e1s, est\u00e1 equipado con un filtro fotosensible de oscurecimiento autom\u00e1tico, que se activa al detectar el arco el\u00e9ctrico, ofreciendo una visi\u00f3n \u00f3ptima y segura durante el trabajo de soldadura.<\/p>\n<\/div>\n<\/div>\n<\/div>\n<\/div>\n<\/div>\n<\/div>\n<\/div>\n<\/div>\n<\/article>\n<div class=\"pointer-events-none h-px w-px\" aria-hidden=\"true\" data-edge=\"true\"><\/div>\n","protected":false},"featured_media":4250,"comment_status":"closed","ping_status":"closed","template":"","meta":{"_acf_changed":false},"product_brand":[31],"product_cat":[99,62],"product_tag":[212,213,214],"class_list":{"0":"post-4185","1":"product","2":"type-product","3":"status-publish","4":"has-post-thumbnail","6":"product_brand-libus","7":"product_cat-mascarillas","8":"product_cat-proteccion-respiratoria","9":"product_tag-masacara-de-soldador","10":"product_tag-mascara-fotosensible","11":"product_tag-mascara-soldador-fotosensible","13":"first","14":"instock","15":"shipping-taxable","16":"purchasable","17":"product-type-simple"},"acf":[],"_links":{"self":[{"href":"https:\/\/valesafety.com.pe\/index.php?rest_route=\/wp\/v2\/product\/4185","targetHints":{"allow":["GET"]}}],"collection":[{"href":"https:\/\/valesafety.com.pe\/index.php?rest_route=\/wp\/v2\/product"}],"about":[{"href":"https:\/\/valesafety.com.pe\/index.php?rest_route=\/wp\/v2\/types\/product"}],"replies":[{"embeddable":true,"href":"https:\/\/valesafety.com.pe\/index.php?rest_route=%2Fwp%2Fv2%2Fcomments&post=4185"}],"wp:featuredmedia":[{"embeddable":true,"href":"https:\/\/valesafety.com.pe\/index.php?rest_route=\/wp\/v2\/media\/4250"}],"wp:attachment":[{"href":"https:\/\/valesafety.com.pe\/index.php?rest_route=%2Fwp%2Fv2%2Fmedia&parent=4185"}],"wp:term":[{"taxonomy":"product_brand","embeddable":true,"href":"https:\/\/valesafety.com.pe\/index.php?rest_route=%2Fwp%2Fv2%2Fproduct_brand&post=4185"},{"taxonomy":"product_cat","embeddable":true,"href":"https:\/\/valesafety.com.pe\/index.php?rest_route=%2Fwp%2Fv2%2Fproduct_cat&post=4185"},{"taxonomy":"product_tag","embeddable":true,"href":"https:\/\/valesafety.com.pe\/index.php?rest_route=%2Fwp%2Fv2%2Fproduct_tag&post=4185"}],"curies":[{"name":"wp","href":"https:\/\/api.w.org\/{rel}","templated":true}]}}