{"id":4172,"date":"2026-04-23T22:22:20","date_gmt":"2026-04-23T20:22:20","guid":{"rendered":"http:\/\/localhost\/borrador\/?post_type=product&#038;p=4172"},"modified":"2026-05-06T15:06:49","modified_gmt":"2026-05-06T20:06:49","slug":"casco-msa-jockey","status":"publish","type":"product","link":"https:\/\/valesafety.com.pe\/?product=casco-msa-jockey","title":{"rendered":"Casco MSA Jockey"},"content":{"rendered":"<h2>Casco MSA Jockey<\/h2>\n<ul>\n<li><strong data-start=\"450\" data-end=\"484\">Material resistente y duradero<\/strong> : Fabricado con una copa de polietileno de alta densidad (HDPE) estabilizado contra los rayos UV, lo que garantiza una mayor resistencia a impactos y al desgaste por exposici\u00f3n prolongada al sol.<\/li>\n<li><strong data-start=\"684\" data-end=\"702\">M\u00e1ximo confort<\/strong> : Cuenta con una suspensi\u00f3n textil ajustable en altura, dise\u00f1ada para brindar un ajuste ergon\u00f3mico y reducir la fatiga durante el uso prolongado.<\/li>\n<li><strong data-start=\"852\" data-end=\"875\">Alta compatibilidad<\/strong> : Incorpora ranuras laterales de 30 mm que permiten acoplar protecciones auditivas y faciales, mejorando la seguridad en diferentes entornos de trabajo.<\/li>\n<li><strong data-start=\"1032\" data-end=\"1054\">Desempe\u00f1o superior<\/strong> : Ofrece un alto nivel de protecci\u00f3n mec\u00e1nica, cumpliendo con exigentes est\u00e1ndares de seguridad para diversas industrias.<\/li>\n<\/ul>\n<h3 data-start=\"1179\" data-end=\"1214\"><strong data-start=\"1183\" data-end=\"1212\">Aplicaciones recomendadas<\/strong><\/h3>\n<p data-start=\"1216\" data-end=\"1315\">Este casco est\u00e1 dise\u00f1ado para brindar protecci\u00f3n en m\u00faltiples sectores industriales, entre ellos:<\/p>\n<ul data-start=\"1317\" data-end=\"1661\">\n<li data-start=\"1317\" data-end=\"1338\">Industria qu\u00edmica<\/li>\n<li data-start=\"1339\" data-end=\"1355\">Construcci\u00f3n<\/li>\n<li data-start=\"1356\" data-end=\"1395\">Aplicaciones industriales generales<\/li>\n<li data-start=\"1396\" data-end=\"1464\">Sistemas de calefacci\u00f3n, ventilaci\u00f3n y aire acondicionado (HVAC)<\/li>\n<li data-start=\"1465\" data-end=\"1497\">Industria del gas y petr\u00f3leo<\/li>\n<li data-start=\"1498\" data-end=\"1556\">Distribuci\u00f3n y tratamiento de agua, gas y electricidad.<\/li>\n<li data-start=\"1557\" data-end=\"1568\">Miner\u00eda<\/li>\n<li data-start=\"1569\" data-end=\"1594\">Industria alimentaria<\/li>\n<li data-start=\"1595\" data-end=\"1621\">Eliminaci\u00f3n de amianto<\/li>\n<li data-start=\"1622\" data-end=\"1661\">Trabajos de pintura y recubrimiento.<\/li>\n<\/ul>\n<p><strong>Certificaciones y normas<\/strong><\/p>\n<ul class=\"detalle\">\n<li style=\"list-style-type: none;\"><\/li>\n<li>Normativa: ANSI Z89.1-2014 Tipo I, Clase E, CSA Z04.1-05.<\/li>\n<\/ul>\n<p>Necesitas m\u00e1s productos encu\u00e9ntralos en nuestra <a href=\"https:\/\/valesafety.com.pe\/tienda\">tienda\u00a0<\/a><\/p>\n<p>Para m\u00e1s informaci\u00f3n sobre este y otros productos, no dudes en contactarnos por\u00a0<a href=\"http:\/\/wa.me\/51923151009\" target=\"_blank\" rel=\"noopener\">WhatsApp<\/a>.<\/p>\n","protected":false},"excerpt":{"rendered":"<p>Casco MSA Jockey ofrece protecci\u00f3n robusta y comodidad en entornos industriales. Con un dise\u00f1o ligero y ajustable, proporciona seguridad contra impactos y garantiza la integridad del usuario durante la jornada laboral.<\/p>\n","protected":false},"featured_media":4226,"comment_status":"closed","ping_status":"closed","template":"","meta":{"_acf_changed":false},"product_brand":[33],"product_cat":[46,74],"product_tag":[207,208],"class_list":{"0":"post-4172","1":"product","2":"type-product","3":"status-publish","4":"has-post-thumbnail","6":"product_brand-msa","7":"product_cat-casco-de-seguridad","8":"product_cat-cascos-de-seguridad","9":"product_tag-casco-de-seguridad","10":"product_tag-casco-msa","12":"first","13":"instock","14":"shipping-taxable","15":"purchasable","16":"product-type-simple"},"acf":[],"_links":{"self":[{"href":"https:\/\/valesafety.com.pe\/index.php?rest_route=\/wp\/v2\/product\/4172","targetHints":{"allow":["GET"]}}],"collection":[{"href":"https:\/\/valesafety.com.pe\/index.php?rest_route=\/wp\/v2\/product"}],"about":[{"href":"https:\/\/valesafety.com.pe\/index.php?rest_route=\/wp\/v2\/types\/product"}],"replies":[{"embeddable":true,"href":"https:\/\/valesafety.com.pe\/index.php?rest_route=%2Fwp%2Fv2%2Fcomments&post=4172"}],"wp:featuredmedia":[{"embeddable":true,"href":"https:\/\/valesafety.com.pe\/index.php?rest_route=\/wp\/v2\/media\/4226"}],"wp:attachment":[{"href":"https:\/\/valesafety.com.pe\/index.php?rest_route=%2Fwp%2Fv2%2Fmedia&parent=4172"}],"wp:term":[{"taxonomy":"product_brand","embeddable":true,"href":"https:\/\/valesafety.com.pe\/index.php?rest_route=%2Fwp%2Fv2%2Fproduct_brand&post=4172"},{"taxonomy":"product_cat","embeddable":true,"href":"https:\/\/valesafety.com.pe\/index.php?rest_route=%2Fwp%2Fv2%2Fproduct_cat&post=4172"},{"taxonomy":"product_tag","embeddable":true,"href":"https:\/\/valesafety.com.pe\/index.php?rest_route=%2Fwp%2Fv2%2Fproduct_tag&post=4172"}],"curies":[{"name":"wp","href":"https:\/\/api.w.org\/{rel}","templated":true}]}}