{"id":4171,"date":"2026-04-23T22:22:20","date_gmt":"2026-04-23T20:22:20","guid":{"rendered":"http:\/\/localhost\/borrador\/?post_type=product&#038;p=4171"},"modified":"2026-05-06T15:03:35","modified_gmt":"2026-05-06T20:03:35","slug":"casco-de-seguridad-h700-3m","status":"publish","type":"product","link":"https:\/\/valesafety.com.pe\/?product=casco-de-seguridad-h700-3m","title":{"rendered":"Casco de Seguridad H700 3M"},"content":{"rendered":"<h2>Casco de Seguridad H700 3M<\/h2>\n<ul>\n<li>Carcasa de polietileno de alta densidad.<\/li>\n<li>Liviano y de dise\u00f1o compacto.<\/li>\n<li>Visera peque\u00f1a para lograr una mejor visibilidad hacia arriba.<\/li>\n<li>Ranuras para accesorios que permiten la fijaci\u00f3n de protecci\u00f3n auditiva de copa para casco, protectores faciales, mentonera y caretas para soldadura con adaptador para casco.<\/li>\n<li>C\u00f3modo, suspensi\u00f3n de 4 puntos tipo est\u00e1ndar o a cremallera con altura regulable.<\/li>\n<li><strong data-start=\"3\" data-end=\"26\">Material resistente<\/strong> : Fabricado en polietileno de alta densidad para ofrecer una protecci\u00f3n \u00f3ptima.<\/li>\n<li><strong data-start=\"111\" data-end=\"132\">Dise\u00f1o ergon\u00f3mico<\/strong> : La suspensi\u00f3n se adapta a la cabeza, reduciendo la presi\u00f3n y mejorando la seguridad.<\/li>\n<li><strong data-start=\"224\" data-end=\"245\">Opciones de color<\/strong> : Disponible en una variedad de colores seg\u00fan las necesidades del usuario.<\/li>\n<li><strong data-start=\"325\" data-end=\"358\">Compatibilidad con accesorios<\/strong> : Cuenta con ranuras para incorporar protecci\u00f3n ocular, facial y\/o auditiva.<\/li>\n<li><strong data-start=\"440\" data-end=\"468\">Sistema de ajuste r\u00e1pido<\/strong> : Permite ajustarlo f\u00e1cilmente con una sola mano.<\/li>\n<\/ul>\n<p>Necesitas m\u00e1s productos encu\u00e9ntralos en nuestra <a href=\"https:\/\/valesafety.com.pe\/tienda\">tienda\u00a0<\/a><\/p>\n<p>Para m\u00e1s informaci\u00f3n sobre este y otros productos, no dudes en contactarnos por\u00a0<a href=\"http:\/\/wa.me\/51923151009\" target=\"_blank\" rel=\"noopener\">WhatsApp<\/a>.<\/p>\n","protected":false},"excerpt":{"rendered":"<div class=\"flex-1 overflow-hidden\">\n<div class=\"react-scroll-to-bottom--css-qpowz-79elbk h-full\">\n<div class=\"react-scroll-to-bottom--css-qpowz-1n7m0yu\">\n<div class=\"flex flex-col text-sm pb-9\">\n<div class=\"w-full text-token-text-primary\" dir=\"auto\" data-testid=\"conversation-turn-79\" data-scroll-anchor=\"true\">\n<div class=\"py-2 juice:py-[18px] px-3 text-base md:px-4 m-auto md:px-5 lg:px-1 xl:px-5\">\n<div class=\"mx-auto flex flex-1 gap-3 text-base juice:gap-4 juice:md:gap-6 md:max-w-3xl lg:max-w-[40rem] xl:max-w-[48rem]\">\n<div class=\"relative flex w-full min-w-0 flex-col agent-turn\">\n<div class=\"flex-col gap-1 md:gap-3\">\n<div class=\"flex flex-grow flex-col max-w-full\">\n<div class=\"min-h-[20px] text-message flex flex-col items-start whitespace-pre-wrap break-words [.text-message+&amp;]:mt-5 juice:w-full juice:items-end overflow-x-auto gap-2\" dir=\"auto\" data-message-author-role=\"assistant\" data-message-id=\"523c59e1-28aa-4c08-a1ef-78e5fe2a2251\">\n<div class=\"flex w-full flex-col gap-1 juice:empty:hidden juice:first:pt-[3px]\">\n<div class=\"markdown prose w-full break-words dark:prose-invert dark\">\n<p>El Casco de Seguridad H700 3M, brinda protecci\u00f3n y comodidad en entornos industriales. Con un dise\u00f1o ligero y ajustable, ofrece seguridad contra impactos y penetraci\u00f3n, garantizando la integridad del usuario durante la jornada laboral.<\/p>\n<\/div>\n<\/div>\n<\/div>\n<\/div>\n<\/div>\n<\/div>\n<\/div>\n<\/div>\n<\/div>\n<\/div>\n<\/div>\n<\/div>\n<\/div>\n","protected":false},"featured_media":4225,"comment_status":"closed","ping_status":"closed","template":"","meta":{"_acf_changed":false},"product_brand":[38],"product_cat":[46,74],"product_tag":[205,206],"class_list":{"0":"post-4171","1":"product","2":"type-product","3":"status-publish","4":"has-post-thumbnail","6":"product_brand-3m","7":"product_cat-casco-de-seguridad","8":"product_cat-cascos-de-seguridad","9":"product_tag-casco-3m","10":"product_tag-casco-con-arnes","12":"first","13":"instock","14":"shipping-taxable","15":"purchasable","16":"product-type-simple"},"acf":[],"_links":{"self":[{"href":"https:\/\/valesafety.com.pe\/index.php?rest_route=\/wp\/v2\/product\/4171","targetHints":{"allow":["GET"]}}],"collection":[{"href":"https:\/\/valesafety.com.pe\/index.php?rest_route=\/wp\/v2\/product"}],"about":[{"href":"https:\/\/valesafety.com.pe\/index.php?rest_route=\/wp\/v2\/types\/product"}],"replies":[{"embeddable":true,"href":"https:\/\/valesafety.com.pe\/index.php?rest_route=%2Fwp%2Fv2%2Fcomments&post=4171"}],"wp:featuredmedia":[{"embeddable":true,"href":"https:\/\/valesafety.com.pe\/index.php?rest_route=\/wp\/v2\/media\/4225"}],"wp:attachment":[{"href":"https:\/\/valesafety.com.pe\/index.php?rest_route=%2Fwp%2Fv2%2Fmedia&parent=4171"}],"wp:term":[{"taxonomy":"product_brand","embeddable":true,"href":"https:\/\/valesafety.com.pe\/index.php?rest_route=%2Fwp%2Fv2%2Fproduct_brand&post=4171"},{"taxonomy":"product_cat","embeddable":true,"href":"https:\/\/valesafety.com.pe\/index.php?rest_route=%2Fwp%2Fv2%2Fproduct_cat&post=4171"},{"taxonomy":"product_tag","embeddable":true,"href":"https:\/\/valesafety.com.pe\/index.php?rest_route=%2Fwp%2Fv2%2Fproduct_tag&post=4171"}],"curies":[{"name":"wp","href":"https:\/\/api.w.org\/{rel}","templated":true}]}}