{"id":4170,"date":"2026-04-23T22:22:20","date_gmt":"2026-04-23T20:22:20","guid":{"rendered":"http:\/\/localhost\/borrador\/?post_type=product&#038;p=4170"},"modified":"2026-05-06T16:46:08","modified_gmt":"2026-05-06T21:46:08","slug":"guante-neopreno-galaxy","status":"publish","type":"product","link":"https:\/\/valesafety.com.pe\/?product=guante-neopreno-galaxy","title":{"rendered":"Guante Neopreno Galaxy"},"content":{"rendered":"<h2>Guante Neopreno Galaxy<\/h2>\n<ul>\n<li>Guante de Neoprene corrugado de 14&#8243;.<\/li>\n<li>100% soporte interior de algod\u00f3n garantiza comodidad excepcional.<\/li>\n<li>Dise\u00f1o ergon\u00f3mico y anat\u00f3mico para usos prolongados y reduce la fatiga.<\/li>\n<li>Ideal para trabajos con materiales lisos y \u00e1speros.<\/li>\n<li>Protecci\u00f3n adecuada contra aceites, \u00e1cidos y productos qu\u00edmicos.<\/li>\n<li>Resistencia superior a la Abrasi\u00f3n, al corte, rasgado y pinchazo.<\/li>\n<li>Antial\u00e9rgico, antiviral. Lavable.<\/li>\n<\/ul>\n<p>Necesitas m\u00e1s productos encu\u00e9ntralos en nuestra <a href=\"https:\/\/valesafety.com.pe\/tienda\">tienda\u00a0<\/a><\/p>\n<p>Para m\u00e1s informaci\u00f3n sobre este y otros productos, no dudes en contactarnos por\u00a0<a href=\"http:\/\/wa.me\/51923151009\" target=\"_blank\" rel=\"noopener\">WhatsApp<\/a>.<\/p>\n","protected":false},"excerpt":{"rendered":"<p>Guante Neopreno Galaxy ofrece protecci\u00f3n contra productos qu\u00edmicos y abrasiones en entornos industriales. Con su material resistente y c\u00f3modo, garantiza seguridad y comodidad durante largas jornadas laborales.<\/p>\n","protected":false},"featured_media":4224,"comment_status":"closed","ping_status":"closed","template":"","meta":{"_acf_changed":false},"product_brand":[638],"product_cat":[95,59],"product_tag":[203,204],"class_list":{"0":"post-4170","1":"product","2":"type-product","3":"status-publish","4":"has-post-thumbnail","6":"product_brand-galaxy","7":"product_cat-guante-de-jeve","8":"product_cat-proteccion-de-las-manos","9":"product_tag-guante-de-jeve","10":"product_tag-guante-galaxy","12":"first","13":"instock","14":"shipping-taxable","15":"purchasable","16":"product-type-simple"},"acf":[],"_links":{"self":[{"href":"https:\/\/valesafety.com.pe\/index.php?rest_route=\/wp\/v2\/product\/4170","targetHints":{"allow":["GET"]}}],"collection":[{"href":"https:\/\/valesafety.com.pe\/index.php?rest_route=\/wp\/v2\/product"}],"about":[{"href":"https:\/\/valesafety.com.pe\/index.php?rest_route=\/wp\/v2\/types\/product"}],"replies":[{"embeddable":true,"href":"https:\/\/valesafety.com.pe\/index.php?rest_route=%2Fwp%2Fv2%2Fcomments&post=4170"}],"wp:featuredmedia":[{"embeddable":true,"href":"https:\/\/valesafety.com.pe\/index.php?rest_route=\/wp\/v2\/media\/4224"}],"wp:attachment":[{"href":"https:\/\/valesafety.com.pe\/index.php?rest_route=%2Fwp%2Fv2%2Fmedia&parent=4170"}],"wp:term":[{"taxonomy":"product_brand","embeddable":true,"href":"https:\/\/valesafety.com.pe\/index.php?rest_route=%2Fwp%2Fv2%2Fproduct_brand&post=4170"},{"taxonomy":"product_cat","embeddable":true,"href":"https:\/\/valesafety.com.pe\/index.php?rest_route=%2Fwp%2Fv2%2Fproduct_cat&post=4170"},{"taxonomy":"product_tag","embeddable":true,"href":"https:\/\/valesafety.com.pe\/index.php?rest_route=%2Fwp%2Fv2%2Fproduct_tag&post=4170"}],"curies":[{"name":"wp","href":"https:\/\/api.w.org\/{rel}","templated":true}]}}