{"id":4168,"date":"2026-04-23T22:22:19","date_gmt":"2026-04-23T20:22:19","guid":{"rendered":"http:\/\/localhost\/borrador\/?post_type=product&#038;p=4168"},"modified":"2026-05-06T16:42:39","modified_gmt":"2026-05-06T21:42:39","slug":"guante-hyflex-11-840","status":"publish","type":"product","link":"https:\/\/valesafety.com.pe\/?product=guante-hyflex-11-840","title":{"rendered":"Guante Hyflex 11-840"},"content":{"rendered":"<h2>Guante Hyflex 11-840<\/h2>\n<ul>\n<li>Guantes industriales duraderos, que ofrecen 2 veces m\u00e1s agarre y hasta un 20% m\u00e1s de protecci\u00f3n contra la abrasi\u00f3n.<\/li>\n<li><strong data-start=\"170\" data-end=\"201\">Espuma de nitrilo de 1,1 mm<\/strong> : Ofrece hasta tres veces m\u00e1s resistencia a la abrasi\u00f3n que otros guantes ligeros.<\/li>\n<li><strong data-start=\"289\" data-end=\"318\">Alta destreza y comodidad<\/strong> : Dise\u00f1o ergon\u00f3mico que permite precisi\u00f3n en tareas exigentes.<\/li>\n<li><strong data-start=\"386\" data-end=\"413\">Durabilidad excepcional<\/strong> : Mayor resistencia al desgaste en comparaci\u00f3n con guantes tejidos parcialmente.<\/li>\n<li><strong data-start=\"499\" data-end=\"522\">Protecci\u00f3n avanzada<\/strong> : Ideal para entornos de trabajo que requieren resistencia y flexibilidad.<\/li>\n<\/ul>\n<div class=\"intro\"><strong>Ventajas Adicionales<\/strong><\/div>\n<div class=\"details\">\n<ul>\n<li><strong>Resistencia a la abrasi\u00f3n FORTIX\u2122:<\/strong>\u00a02 veces m\u00e1s agarre, hasta un 20% m\u00e1s de durabilidad*.<\/li>\n<li><strong>ERGOFORM\u2122 dise\u00f1o ergon\u00f3mico:<\/strong>\u00a0Menor tensi\u00f3n, mejor ergonom\u00eda.<\/li>\n<li><strong>ZONZ\u2122 ajuste c\u00f3modo:<\/strong>\u00a0Para guantes de seguridad que ofrecen un confort transpirable<\/li>\n<\/ul>\n<\/div>\n<p>Necesitas m\u00e1s productos encu\u00e9ntralos en nuestra <a href=\"https:\/\/valesafety.com.pe\/tienda\">tienda\u00a0<\/a><\/p>\n<p>Para m\u00e1s informaci\u00f3n sobre este y otros productos, no dudes en contactarnos por\u00a0<a href=\"http:\/\/wa.me\/51923151009\" target=\"_blank\" rel=\"noopener\">WhatsApp<\/a>.<\/p>\n","protected":false},"excerpt":{"rendered":"<p>Guante Hyflex 11-840 Los guantes tienen excelente flexibilidad y ajuste as\u00ed como un agarre seguro en piezas secas o ligeramente aceitosas para un manejo seguro en una amplia variedad de ambientes de trabajo.<\/p>\n","protected":false},"featured_media":4222,"comment_status":"closed","ping_status":"closed","template":"","meta":{"_acf_changed":false},"product_brand":[39],"product_cat":[91,92,59],"product_tag":[194,195,196,197,198,199],"class_list":{"0":"post-4168","1":"product","2":"type-product","3":"status-publish","4":"has-post-thumbnail","6":"product_brand-ansell","7":"product_cat-guante-anticorte","8":"product_cat-guante-antideslizante","9":"product_cat-proteccion-de-las-manos","10":"product_tag-epps","11":"product_tag-equipos-de-proteccion","12":"product_tag-equipos-de-proteccion-personal","13":"product_tag-guantes-ansell","14":"product_tag-guantes-de-seguridad","15":"product_tag-guantes-mecanicos","17":"first","18":"instock","19":"shipping-taxable","20":"purchasable","21":"product-type-simple"},"acf":[],"_links":{"self":[{"href":"https:\/\/valesafety.com.pe\/index.php?rest_route=\/wp\/v2\/product\/4168","targetHints":{"allow":["GET"]}}],"collection":[{"href":"https:\/\/valesafety.com.pe\/index.php?rest_route=\/wp\/v2\/product"}],"about":[{"href":"https:\/\/valesafety.com.pe\/index.php?rest_route=\/wp\/v2\/types\/product"}],"replies":[{"embeddable":true,"href":"https:\/\/valesafety.com.pe\/index.php?rest_route=%2Fwp%2Fv2%2Fcomments&post=4168"}],"wp:featuredmedia":[{"embeddable":true,"href":"https:\/\/valesafety.com.pe\/index.php?rest_route=\/wp\/v2\/media\/4222"}],"wp:attachment":[{"href":"https:\/\/valesafety.com.pe\/index.php?rest_route=%2Fwp%2Fv2%2Fmedia&parent=4168"}],"wp:term":[{"taxonomy":"product_brand","embeddable":true,"href":"https:\/\/valesafety.com.pe\/index.php?rest_route=%2Fwp%2Fv2%2Fproduct_brand&post=4168"},{"taxonomy":"product_cat","embeddable":true,"href":"https:\/\/valesafety.com.pe\/index.php?rest_route=%2Fwp%2Fv2%2Fproduct_cat&post=4168"},{"taxonomy":"product_tag","embeddable":true,"href":"https:\/\/valesafety.com.pe\/index.php?rest_route=%2Fwp%2Fv2%2Fproduct_tag&post=4168"}],"curies":[{"name":"wp","href":"https:\/\/api.w.org\/{rel}","templated":true}]}}