{"id":4166,"date":"2026-04-23T22:22:19","date_gmt":"2026-04-23T20:22:19","guid":{"rendered":"http:\/\/localhost\/borrador\/?post_type=product&#038;p=4166"},"modified":"2026-05-06T16:41:05","modified_gmt":"2026-05-06T21:41:05","slug":"guante-g80-nitrilo","status":"publish","type":"product","link":"https:\/\/valesafety.com.pe\/?product=guante-g80-nitrilo","title":{"rendered":"Guante G80 Nitrilo"},"content":{"rendered":"<h2>Guante G80 Nitrilo<\/h2>\n<ul>\n<li>Fabricado con una capa de 15 mils (mil\u00e9simas de pulgada) de nitrilo y tiene una longitud de 13\u201d.<\/li>\n<li>Este material sint\u00e9tico ofrece excelentes niveles de protecci\u00f3n contra combustibles, solventes y grasas; y es ideal para personas que presenten sensibilidad ante al l\u00e1tex natural.<\/li>\n<li>El interior del guante tiene un revestimiento de algod\u00f3n que brinda mayor comodidad y facilita la postura y remoci\u00f3n del mismo.<\/li>\n<li>La punta de los dedos y palma son texturizados con un patr\u00f3n en forma de rombos para darle m\u00e1s agarre tanto en h\u00famedo como en seco.<\/li>\n<li>El resto del guante es liso, para evitar acumulaci\u00f3n de qu\u00edmicos que puedan con el tiempo degradar el guante.<\/li>\n<\/ul>\n<p>Necesitas m\u00e1s productos encu\u00e9ntralos en nuestra <a href=\"https:\/\/valesafety.com.pe\/tienda\">tienda\u00a0<\/a><\/p>\n<p>Para m\u00e1s informaci\u00f3n sobre este y otros productos, no dudes en contactarnos por\u00a0<a href=\"http:\/\/wa.me\/51923151009\" target=\"_blank\" rel=\"noopener\">WhatsApp<\/a>.<\/p>\n","protected":false},"excerpt":{"rendered":"<p>El Guante G80 Nitrilo kleenguard brinda una protecci\u00f3n avanzada en ambientes industriales. Al asegurar la seguridad y destreza del usuario, su recubrimiento de nitrilo ofrece resistencia al corte, desgarro y aceite.<\/p>\n","protected":false},"featured_media":4212,"comment_status":"closed","ping_status":"closed","template":"","meta":{"_acf_changed":false},"product_brand":[30],"product_cat":[95,59],"product_tag":[],"class_list":{"0":"post-4166","1":"product","2":"type-product","3":"status-publish","4":"has-post-thumbnail","6":"product_brand-kleenguard","7":"product_cat-guante-de-jeve","8":"product_cat-proteccion-de-las-manos","10":"first","11":"instock","12":"shipping-taxable","13":"purchasable","14":"product-type-simple"},"acf":[],"_links":{"self":[{"href":"https:\/\/valesafety.com.pe\/index.php?rest_route=\/wp\/v2\/product\/4166","targetHints":{"allow":["GET"]}}],"collection":[{"href":"https:\/\/valesafety.com.pe\/index.php?rest_route=\/wp\/v2\/product"}],"about":[{"href":"https:\/\/valesafety.com.pe\/index.php?rest_route=\/wp\/v2\/types\/product"}],"replies":[{"embeddable":true,"href":"https:\/\/valesafety.com.pe\/index.php?rest_route=%2Fwp%2Fv2%2Fcomments&post=4166"}],"wp:featuredmedia":[{"embeddable":true,"href":"https:\/\/valesafety.com.pe\/index.php?rest_route=\/wp\/v2\/media\/4212"}],"wp:attachment":[{"href":"https:\/\/valesafety.com.pe\/index.php?rest_route=%2Fwp%2Fv2%2Fmedia&parent=4166"}],"wp:term":[{"taxonomy":"product_brand","embeddable":true,"href":"https:\/\/valesafety.com.pe\/index.php?rest_route=%2Fwp%2Fv2%2Fproduct_brand&post=4166"},{"taxonomy":"product_cat","embeddable":true,"href":"https:\/\/valesafety.com.pe\/index.php?rest_route=%2Fwp%2Fv2%2Fproduct_cat&post=4166"},{"taxonomy":"product_tag","embeddable":true,"href":"https:\/\/valesafety.com.pe\/index.php?rest_route=%2Fwp%2Fv2%2Fproduct_tag&post=4166"}],"curies":[{"name":"wp","href":"https:\/\/api.w.org\/{rel}","templated":true}]}}