{"id":4155,"date":"2026-04-23T22:21:46","date_gmt":"2026-04-23T20:21:46","guid":{"rendered":"http:\/\/localhost\/borrador\/?post_type=product&#038;p=4155"},"modified":"2026-05-06T16:32:55","modified_gmt":"2026-05-06T21:32:55","slug":"guante-g10-de-nitrilo","status":"publish","type":"product","link":"https:\/\/valesafety.com.pe\/?product=guante-g10-de-nitrilo","title":{"rendered":"Guante G10 de nitrilo"},"content":{"rendered":"<h2>Guante G10 de nitrilo<\/h2>\n<ul>\n<li>Los guantes de protecci\u00f3n Kleenguard* G10 de nitrilo azul.<\/li>\n<li>Escoja estos guantes para para aplicaciones donde la durabilidad y fortaleza son los factores claves, sin l\u00e1tex ni talco.<\/li>\n<li>Fabricado con una capa de 6.7 mill (mil\u00e9simas de pulgada) en los dedos, 4.3 mill en la palma y 3 mill en el pu\u00f1o de nitrilo azul (+\/- 0.15 mill) y tiene una longitud de 9.5\u201d.<\/li>\n<li>Este material es ideal para personas que presenten sensibilidad ante al l\u00e1tex natural y ofrece protecci\u00f3n contra aceites, grasas y combustibles.<\/li>\n<\/ul>\n<p>Necesitas m\u00e1s productos encu\u00e9ntralos en nuestra <a href=\"https:\/\/valesafety.com.pe\/tienda\">tienda\u00a0<\/a><\/p>\n<p>Para m\u00e1s informaci\u00f3n sobre este y otros productos, no dudes en contactarnos por\u00a0<a href=\"http:\/\/wa.me\/51923151009\" target=\"_blank\" rel=\"noopener\">WhatsApp<\/a>.<\/p>\n","protected":false},"excerpt":{"rendered":"<p>El Guante G10 de nitrilo Kleenguard ofrece una protecci\u00f3n simple y c\u00f3moda en entornos laborales livianos. Ofrece un ajuste seguro y flexibilidad para tareas de precisi\u00f3n gracias a su dise\u00f1o ligero y transpirable.<\/p>\n","protected":false},"featured_media":4211,"comment_status":"closed","ping_status":"closed","template":"","meta":{"_acf_changed":false},"product_brand":[30],"product_cat":[97,59],"product_tag":[],"class_list":{"0":"post-4155","1":"product","2":"type-product","3":"status-publish","4":"has-post-thumbnail","6":"product_brand-kleenguard","7":"product_cat-guante-quirurgico","8":"product_cat-proteccion-de-las-manos","10":"first","11":"instock","12":"shipping-taxable","13":"purchasable","14":"product-type-simple"},"acf":[],"_links":{"self":[{"href":"https:\/\/valesafety.com.pe\/index.php?rest_route=\/wp\/v2\/product\/4155","targetHints":{"allow":["GET"]}}],"collection":[{"href":"https:\/\/valesafety.com.pe\/index.php?rest_route=\/wp\/v2\/product"}],"about":[{"href":"https:\/\/valesafety.com.pe\/index.php?rest_route=\/wp\/v2\/types\/product"}],"replies":[{"embeddable":true,"href":"https:\/\/valesafety.com.pe\/index.php?rest_route=%2Fwp%2Fv2%2Fcomments&post=4155"}],"wp:featuredmedia":[{"embeddable":true,"href":"https:\/\/valesafety.com.pe\/index.php?rest_route=\/wp\/v2\/media\/4211"}],"wp:attachment":[{"href":"https:\/\/valesafety.com.pe\/index.php?rest_route=%2Fwp%2Fv2%2Fmedia&parent=4155"}],"wp:term":[{"taxonomy":"product_brand","embeddable":true,"href":"https:\/\/valesafety.com.pe\/index.php?rest_route=%2Fwp%2Fv2%2Fproduct_brand&post=4155"},{"taxonomy":"product_cat","embeddable":true,"href":"https:\/\/valesafety.com.pe\/index.php?rest_route=%2Fwp%2Fv2%2Fproduct_cat&post=4155"},{"taxonomy":"product_tag","embeddable":true,"href":"https:\/\/valesafety.com.pe\/index.php?rest_route=%2Fwp%2Fv2%2Fproduct_tag&post=4155"}],"curies":[{"name":"wp","href":"https:\/\/api.w.org\/{rel}","templated":true}]}}