{"id":4154,"date":"2026-04-23T22:21:46","date_gmt":"2026-04-23T20:21:46","guid":{"rendered":"http:\/\/localhost\/borrador\/?post_type=product&#038;p=4154"},"modified":"2026-05-06T16:41:55","modified_gmt":"2026-05-06T21:41:55","slug":"guante-g40-pu","status":"publish","type":"product","link":"https:\/\/valesafety.com.pe\/?product=guante-g40-pu","title":{"rendered":"Guante G40 PU"},"content":{"rendered":"<h2>Guante G40 PU<\/h2>\n<ul>\n<li>El guante est\u00e1 fabricado de un tejido de punto de poli\u00e9ster y algod\u00f3n negro sin costuras.<\/li>\n<li>Oculta la suciedad y las manchas.<\/li>\n<li>Esto se traduce en una mayor productividad y durabilidad para el usuario cuando se le compara con otros guantes de protecci\u00f3n general.<\/li>\n<li>Las costuras en la punta de los dedos, son parte de las razones por las cuales, otros guantes de protecci\u00f3n proveen menor destreza y comodidad al usuario.<\/li>\n<li>Estos guantes tienen una banda el\u00e1stica en la mu\u00f1eca con c\u00f3digo de colores que permite identificar la talla<\/li>\n<\/ul>\n<p>Necesitas m\u00e1s productos encu\u00e9ntralos en nuestra <a href=\"https:\/\/valesafety.com.pe\/tienda\">tienda\u00a0<\/a><\/p>\n<p>Para m\u00e1s informaci\u00f3n sobre este y otros productos, no dudes en contactarnos por\u00a0<a href=\"http:\/\/wa.me\/51923151009\" target=\"_blank\" rel=\"noopener\">WhatsApp<\/a>.<\/p>\n","protected":false},"excerpt":{"rendered":"<p>El Guante G40 PU de la marca Kleenguard ofrece protecci\u00f3n y habilidad en ambientes laborales. Proporciona resistencia a la abrasi\u00f3n y un agarre \u00f3ptimo gracias al recubrimiento de poliuretano, lo que garantiza seguridad y comodidad durante la actividad laboral.<\/p>\n","protected":false},"featured_media":4210,"comment_status":"closed","ping_status":"closed","template":"","meta":{"_acf_changed":false},"product_brand":[30],"product_cat":[91,59],"product_tag":[],"class_list":{"0":"post-4154","1":"product","2":"type-product","3":"status-publish","4":"has-post-thumbnail","6":"product_brand-kleenguard","7":"product_cat-guante-anticorte","8":"product_cat-proteccion-de-las-manos","10":"first","11":"instock","12":"shipping-taxable","13":"purchasable","14":"product-type-simple"},"acf":[],"_links":{"self":[{"href":"https:\/\/valesafety.com.pe\/index.php?rest_route=\/wp\/v2\/product\/4154","targetHints":{"allow":["GET"]}}],"collection":[{"href":"https:\/\/valesafety.com.pe\/index.php?rest_route=\/wp\/v2\/product"}],"about":[{"href":"https:\/\/valesafety.com.pe\/index.php?rest_route=\/wp\/v2\/types\/product"}],"replies":[{"embeddable":true,"href":"https:\/\/valesafety.com.pe\/index.php?rest_route=%2Fwp%2Fv2%2Fcomments&post=4154"}],"wp:featuredmedia":[{"embeddable":true,"href":"https:\/\/valesafety.com.pe\/index.php?rest_route=\/wp\/v2\/media\/4210"}],"wp:attachment":[{"href":"https:\/\/valesafety.com.pe\/index.php?rest_route=%2Fwp%2Fv2%2Fmedia&parent=4154"}],"wp:term":[{"taxonomy":"product_brand","embeddable":true,"href":"https:\/\/valesafety.com.pe\/index.php?rest_route=%2Fwp%2Fv2%2Fproduct_brand&post=4154"},{"taxonomy":"product_cat","embeddable":true,"href":"https:\/\/valesafety.com.pe\/index.php?rest_route=%2Fwp%2Fv2%2Fproduct_cat&post=4154"},{"taxonomy":"product_tag","embeddable":true,"href":"https:\/\/valesafety.com.pe\/index.php?rest_route=%2Fwp%2Fv2%2Fproduct_tag&post=4154"}],"curies":[{"name":"wp","href":"https:\/\/api.w.org\/{rel}","templated":true}]}}