{"id":4152,"date":"2026-04-23T22:21:45","date_gmt":"2026-04-23T20:21:45","guid":{"rendered":"http:\/\/localhost\/borrador\/?post_type=product&#038;p=4152"},"modified":"2026-04-30T10:05:14","modified_gmt":"2026-04-30T15:05:14","slug":"guante-g40-multiproposito","status":"publish","type":"product","link":"https:\/\/valesafety.com.pe\/?product=guante-g40-multiproposito","title":{"rendered":"Guante G40 Multiprop\u00f3sito"},"content":{"rendered":"<h2>Guante G40 Multiprop\u00f3sito<\/h2>\n<ul>\n<li>Estos guantes de protecci\u00f3n est\u00e1n recubiertos con nitrilo, son los guantes industriales de protecci\u00f3n general.<\/li>\n<li>Ideales para proteger a las personas de los procesos, con un excelente nivel de agarre, destreza y comodidad.<\/li>\n<li>Tejido de punto de Nylon.<\/li>\n<li>Recubrimiento de Espuma de Nitrilo.<\/li>\n<li>\n<p data-start=\"0\" data-end=\"409\">Est\u00e1n dise\u00f1ados para brindar un \u00f3ptimo nivel de agarre en superficies con presencia de grasas y aceites, ofreciendo adem\u00e1s alta destreza y comodidad. Su confecci\u00f3n en tejido de punto de nylon permite una excelente ventilaci\u00f3n, lo que contribuye a una mayor comodidad y productividad en comparaci\u00f3n con otros guantes de protecci\u00f3n general, como los de cuero o carnaza<\/p>\n<\/li>\n<li>\n<p data-start=\"0\" data-end=\"409\"><strong data-start=\"411\" data-end=\"428\">Presentaci\u00f3n:<\/strong> 5 paquetes de 12 pares (120 guantes en total).<\/p>\n<\/li>\n<li>\n<p data-start=\"0\" data-end=\"409\"><strong data-start=\"478\" data-end=\"502\">Protecci\u00f3n avanzada:<\/strong> El recubrimiento de nitrilo evita la permeaci\u00f3n de l\u00edquidos y aceites, proporcionando mayor seguridad en trabajos exigentes.<\/p>\n<\/li>\n<li>\n<p data-start=\"0\" data-end=\"409\"><strong data-start=\"630\" data-end=\"652\" data-is-only-node=\"\">Dise\u00f1o ergon\u00f3mico:<\/strong> Tejido sin costuras para una mejor respirabilidad y ajuste c\u00f3modo.<\/p>\n<\/li>\n<li>\n<p data-start=\"0\" data-end=\"409\"><strong data-start=\"722\" data-end=\"760\">Revestimiento de espuma de nitrilo<\/strong> , que mejora el agarre y la resistencia al desgaste.<\/p>\n<\/li>\n<\/ul>\n<p data-start=\"816\" data-end=\"840\"><strong data-start=\"816\" data-end=\"838\">Usos recomendados:<\/strong><\/p>\n<ul data-start=\"841\" data-end=\"1048\">\n<li data-start=\"841\" data-end=\"890\">Trabajos con exposici\u00f3n a aceites y l\u00edquidos.<\/li>\n<li data-start=\"891\" data-end=\"929\">Procesos de mantenimiento general.<\/li>\n<li data-start=\"930\" data-end=\"975\">Ensamblaje de piezas peque\u00f1as y medianas.<\/li>\n<li data-start=\"976\" data-end=\"1048\">Manipulaci\u00f3n de herramientas y componentes en entornos industriales.<\/li>\n<\/ul>\n<p data-start=\"1050\" data-end=\"1207\" data-is-last-node=\"\" data-is-only-node=\"\"><strong data-start=\"1050\" data-end=\"1078\">Normativas de seguridad:<br \/>\n<\/strong> Cumple con los est\u00e1ndares <strong data-start=\"1105\" data-end=\"1115\">EN 420<\/strong> y <strong data-start=\"1118\" data-end=\"1134\">EN 388: 3121<\/strong> , garantizando su desempe\u00f1o y protecci\u00f3n en entornos laborales exigentes.<\/p>\n<p>Necesitas m\u00e1s productos encu\u00e9ntralos en nuestra <a href=\"https:\/\/valesafety.com.pe\/tienda\">tienda\u00a0<\/a><\/p>\n<p>Para m\u00e1s informaci\u00f3n sobre este y otros productos, no dudes en contactarnos por\u00a0<a href=\"http:\/\/wa.me\/51923151009\" target=\"_blank\" rel=\"noopener\">WhatsApp<\/a>.<\/p>\n","protected":false},"excerpt":{"rendered":"<p>El Guante G40 Multiprop\u00f3sito Kleenguard en entornos industriales exigentes, es crucial. Gracias a su cobertura de nitrilo, proporciona protecci\u00f3n contra cortes y rasgaduras, asegurando la destreza y seguridad del usuario.<\/p>\n","protected":false},"featured_media":4208,"comment_status":"closed","ping_status":"closed","template":"","meta":{"_acf_changed":false},"product_brand":[],"product_cat":[91,92,59],"product_tag":[],"class_list":{"0":"post-4152","1":"product","2":"type-product","3":"status-publish","4":"has-post-thumbnail","6":"product_cat-guante-anticorte","7":"product_cat-guante-antideslizante","8":"product_cat-proteccion-de-las-manos","10":"first","11":"instock","12":"shipping-taxable","13":"purchasable","14":"product-type-simple"},"acf":[],"_links":{"self":[{"href":"https:\/\/valesafety.com.pe\/index.php?rest_route=\/wp\/v2\/product\/4152","targetHints":{"allow":["GET"]}}],"collection":[{"href":"https:\/\/valesafety.com.pe\/index.php?rest_route=\/wp\/v2\/product"}],"about":[{"href":"https:\/\/valesafety.com.pe\/index.php?rest_route=\/wp\/v2\/types\/product"}],"replies":[{"embeddable":true,"href":"https:\/\/valesafety.com.pe\/index.php?rest_route=%2Fwp%2Fv2%2Fcomments&post=4152"}],"wp:featuredmedia":[{"embeddable":true,"href":"https:\/\/valesafety.com.pe\/index.php?rest_route=\/wp\/v2\/media\/4208"}],"wp:attachment":[{"href":"https:\/\/valesafety.com.pe\/index.php?rest_route=%2Fwp%2Fv2%2Fmedia&parent=4152"}],"wp:term":[{"taxonomy":"product_brand","embeddable":true,"href":"https:\/\/valesafety.com.pe\/index.php?rest_route=%2Fwp%2Fv2%2Fproduct_brand&post=4152"},{"taxonomy":"product_cat","embeddable":true,"href":"https:\/\/valesafety.com.pe\/index.php?rest_route=%2Fwp%2Fv2%2Fproduct_cat&post=4152"},{"taxonomy":"product_tag","embeddable":true,"href":"https:\/\/valesafety.com.pe\/index.php?rest_route=%2Fwp%2Fv2%2Fproduct_tag&post=4152"}],"curies":[{"name":"wp","href":"https:\/\/api.w.org\/{rel}","templated":true}]}}