{"id":4149,"date":"2026-04-23T22:21:44","date_gmt":"2026-04-23T20:21:44","guid":{"rendered":"http:\/\/localhost\/borrador\/?post_type=product&#038;p=4149"},"modified":"2026-05-07T09:42:59","modified_gmt":"2026-05-07T14:42:59","slug":"overol-tychem-2000","status":"publish","type":"product","link":"https:\/\/valesafety.com.pe\/?product=overol-tychem-2000","title":{"rendered":"Overol Tychem 2000"},"content":{"rendered":"<h3>Overol Tychem 2000<\/h3>\n<ul>\n<li>Overol con Capucha Resistentes a los Qu\u00edmicos.<\/li>\n<li>Tela: Tyvek Tychem 2000.<\/li>\n<li>Color: Amarillo.<\/li>\n<li>Espesor: 10mils.<\/li>\n<li>Tela 85gr\/m2.<\/li>\n<li>Dise\u00f1o c\u00f3modo que permite un mayor rango de movimiento al estirar y flexionar.<\/li>\n<li>Las costuras son reforzadas para reducir el potencial para la penetraci\u00f3n de part\u00edculas<\/li>\n<li>Capucha con el\u00e1stico alrededor de la cara.<\/li>\n<li>Solapa de protecci\u00f3n a la cremallera con cierre adhesivo<\/li>\n<li>Abertura el\u00e1stica para mayor ajuste en la mu\u00f1eca y en el tobillo<\/li>\n<\/ul>\n<p>Necesitas m\u00e1s productos encu\u00e9ntralos en nuestra <a href=\"https:\/\/valesafety.com.pe\/tienda\">tienda\u00a0<\/a><\/p>\n<p>Para m\u00e1s informaci\u00f3n sobre este y otros productos, no dudes en contactarnos por\u00a0<a href=\"http:\/\/wa.me\/51923151009\" target=\"_blank\" rel=\"noopener\">WhatsApp<\/a>.<\/p>\n","protected":false},"excerpt":{"rendered":"<p>El Overol Tychem 2000 ofrece protecci\u00f3n completa contra sustancias qu\u00edmicas y part\u00edculas peligrosas en entornos industriales. La seguridad y el bienestar del usuario est\u00e1n garantizados por su dise\u00f1o resistente y c\u00f3modo.<\/p>\n<p>&nbsp;<\/p>\n","protected":false},"featured_media":4205,"comment_status":"closed","ping_status":"closed","template":"","meta":{"_acf_changed":false},"product_brand":[28],"product_cat":[109,66,67],"product_tag":[],"class_list":{"0":"post-4149","1":"product","2":"type-product","3":"status-publish","4":"has-post-thumbnail","6":"product_brand-dupont","7":"product_cat-mameluco","8":"product_cat-ropa-de-seguridad","9":"product_cat-ropa-de-trabajo","11":"first","12":"instock","13":"shipping-taxable","14":"purchasable","15":"product-type-simple"},"acf":[],"_links":{"self":[{"href":"https:\/\/valesafety.com.pe\/index.php?rest_route=\/wp\/v2\/product\/4149","targetHints":{"allow":["GET"]}}],"collection":[{"href":"https:\/\/valesafety.com.pe\/index.php?rest_route=\/wp\/v2\/product"}],"about":[{"href":"https:\/\/valesafety.com.pe\/index.php?rest_route=\/wp\/v2\/types\/product"}],"replies":[{"embeddable":true,"href":"https:\/\/valesafety.com.pe\/index.php?rest_route=%2Fwp%2Fv2%2Fcomments&post=4149"}],"wp:featuredmedia":[{"embeddable":true,"href":"https:\/\/valesafety.com.pe\/index.php?rest_route=\/wp\/v2\/media\/4205"}],"wp:attachment":[{"href":"https:\/\/valesafety.com.pe\/index.php?rest_route=%2Fwp%2Fv2%2Fmedia&parent=4149"}],"wp:term":[{"taxonomy":"product_brand","embeddable":true,"href":"https:\/\/valesafety.com.pe\/index.php?rest_route=%2Fwp%2Fv2%2Fproduct_brand&post=4149"},{"taxonomy":"product_cat","embeddable":true,"href":"https:\/\/valesafety.com.pe\/index.php?rest_route=%2Fwp%2Fv2%2Fproduct_cat&post=4149"},{"taxonomy":"product_tag","embeddable":true,"href":"https:\/\/valesafety.com.pe\/index.php?rest_route=%2Fwp%2Fv2%2Fproduct_tag&post=4149"}],"curies":[{"name":"wp","href":"https:\/\/api.w.org\/{rel}","templated":true}]}}