{"id":4145,"date":"2026-04-23T22:21:44","date_gmt":"2026-04-23T20:21:44","guid":{"rendered":"http:\/\/localhost\/borrador\/?post_type=product&#038;p=4145"},"modified":"2026-05-06T12:36:21","modified_gmt":"2026-05-06T17:36:21","slug":"bota-de-jebe-con-punta-de-acero-segusa","status":"publish","type":"product","link":"https:\/\/valesafety.com.pe\/?product=bota-de-jebe-con-punta-de-acero-segusa","title":{"rendered":"Bota de Jebe con Punta De Acero Segusa"},"content":{"rendered":"<h2>Bota de Jebe con Punta de Acero<\/h2>\n<ul>\n<li>Peso Aprox: 2.10 kg \/Par y una altura promedio de 35 cm<\/li>\n<li>La suela es de color amarillo y la ca\u00f1a de color negro<\/li>\n<li>Proceso: Inyecci\u00f3n de PVC<\/li>\n<li>Forro: Poli\u00e9ster<\/li>\n<li>Material: PVC<\/li>\n<li>Tallas: 36 \u2013 45<\/li>\n<li>Incorporado Impermeable y antideslizante<\/li>\n<li>\u00cdntegramente reforzada y resistente al \u00e1cido.<\/li>\n<\/ul>\n<h3>Certificaciones y\/o normas:<\/h3>\n<p>NTP &#8211; ISO 20345 : 2017<\/p>\n<p>NTP &#8211; ISO 20346 : 2017<\/p>\n<p>Necesitas m\u00e1s productos encu\u00e9ntralos en nuestra <a href=\"https:\/\/valesafety.com.pe\/tienda\">tienda\u00a0<\/a><\/p>\n<p>Para m\u00e1s informaci\u00f3n sobre este y otros productos, no dudes en contactarnos por\u00a0<a href=\"http:\/\/wa.me\/51923151009\" target=\"_blank\" rel=\"noopener\">WhatsApp<\/a>.<\/p>\n","protected":false},"excerpt":{"rendered":"<p>Bota de Jebe con Punta de Acero\u00a0 Segusa son indispensables en ambientes laborales peligrosos como lo son las \u00e1reas humedas, de sumersi\u00f3n, jardineria y lavaderos, con exposici\u00f3n a impacto de objetos en puntera. Garantizan la seguridad del trabajador al combinar durabilidad y comodidad para proporcionar protecci\u00f3n contra impactos y compresi\u00f3n.<\/p>\n","protected":false},"featured_media":4194,"comment_status":"closed","ping_status":"closed","template":"","meta":{"_acf_changed":false},"product_brand":[621],"product_cat":[115,68],"product_tag":[],"class_list":{"0":"post-4145","1":"product","2":"type-product","3":"status-publish","4":"has-post-thumbnail","6":"product_brand-segusa","7":"product_cat-botas-de-pvc","8":"product_cat-zapatos-de-seguridad","10":"first","11":"instock","12":"shipping-taxable","13":"purchasable","14":"product-type-simple"},"acf":[],"_links":{"self":[{"href":"https:\/\/valesafety.com.pe\/index.php?rest_route=\/wp\/v2\/product\/4145","targetHints":{"allow":["GET"]}}],"collection":[{"href":"https:\/\/valesafety.com.pe\/index.php?rest_route=\/wp\/v2\/product"}],"about":[{"href":"https:\/\/valesafety.com.pe\/index.php?rest_route=\/wp\/v2\/types\/product"}],"replies":[{"embeddable":true,"href":"https:\/\/valesafety.com.pe\/index.php?rest_route=%2Fwp%2Fv2%2Fcomments&post=4145"}],"wp:featuredmedia":[{"embeddable":true,"href":"https:\/\/valesafety.com.pe\/index.php?rest_route=\/wp\/v2\/media\/4194"}],"wp:attachment":[{"href":"https:\/\/valesafety.com.pe\/index.php?rest_route=%2Fwp%2Fv2%2Fmedia&parent=4145"}],"wp:term":[{"taxonomy":"product_brand","embeddable":true,"href":"https:\/\/valesafety.com.pe\/index.php?rest_route=%2Fwp%2Fv2%2Fproduct_brand&post=4145"},{"taxonomy":"product_cat","embeddable":true,"href":"https:\/\/valesafety.com.pe\/index.php?rest_route=%2Fwp%2Fv2%2Fproduct_cat&post=4145"},{"taxonomy":"product_tag","embeddable":true,"href":"https:\/\/valesafety.com.pe\/index.php?rest_route=%2Fwp%2Fv2%2Fproduct_tag&post=4145"}],"curies":[{"name":"wp","href":"https:\/\/api.w.org\/{rel}","templated":true}]}}