{"id":4144,"date":"2026-04-23T22:21:44","date_gmt":"2026-04-23T20:21:44","guid":{"rendered":"http:\/\/localhost\/borrador\/?post_type=product&#038;p=4144"},"modified":"2026-05-06T12:43:27","modified_gmt":"2026-05-06T17:43:27","slug":"bota-nitro-segusa","status":"publish","type":"product","link":"https:\/\/valesafety.com.pe\/?product=bota-nitro-segusa","title":{"rendered":"Bota Nitro Segusa"},"content":{"rendered":"<h2>Bota Nitro Segusa<\/h2>\n<ul>\n<li>\n<p data-start=\"70\" data-end=\"360\">La <strong data-start=\"73\" data-end=\"106\">Bota Nitro Diel\u00e9ctrica Segusa<\/strong> est\u00e1 dise\u00f1ada para brindar una protecci\u00f3n superior en entornos industriales y laborales donde existe riesgo el\u00e9ctrico.<\/p>\n<\/li>\n<li>\n<p data-start=\"70\" data-end=\"360\">Fabricada con <strong data-start=\"240\" data-end=\"273\">PVC y nitrilo de alta calidad<\/strong> , garantiza una excelente resistencia a la tracci\u00f3n, abrasi\u00f3n y condiciones extremas.<\/p>\n<p data-start=\"362\" data-end=\"637\">\n<\/li>\n<li>\n<p data-start=\"362\" data-end=\"637\">Su <strong data-start=\"365\" data-end=\"390\">planta<\/strong> ofrece antideslizante una gran estabilidad en superficies dif\u00edciles y ambientes h\u00famedos, adem\u00e1s de ser resistente al contacto con \u00e1cidos y solventes d\u00e9biles.<\/p>\n<\/li>\n<\/ul>\n<p data-start=\"362\" data-end=\"637\"><strong>Caracter\u00edsticas:<\/strong><\/p>\n<ul data-start=\"662\" data-end=\"949\">\n<li data-start=\"662\" data-end=\"694\"><strong data-start=\"664\" data-end=\"677\">Material:<\/strong> PVC y Nitrilo.<\/li>\n<li data-start=\"695\" data-end=\"775\"><strong data-start=\"697\" data-end=\"713\">Propiedades:<\/strong> Diel\u00e9ctrica, resistente a la abrasi\u00f3n, tracci\u00f3n y qu\u00edmicos.<\/li>\n<li data-start=\"776\" data-end=\"862\"><strong data-start=\"778\" data-end=\"788\">Suela:<\/strong> Antideslizante, ideal para terrenos irregulares y condiciones adversas.<\/li>\n<li data-start=\"863\" data-end=\"949\"><strong data-start=\"865\" data-end=\"883\">Certificaci\u00f3n:<\/strong> Cumple con normativas de seguridad para protecci\u00f3n diel\u00e9ctrica.<\/li>\n<\/ul>\n<h3 data-start=\"951\" data-end=\"970\">Aplicaciones:<\/h3>\n<ul data-start=\"971\" data-end=\"1137\">\n<li data-start=\"971\" data-end=\"1009\">Trabajos en sectores industriales.<\/li>\n<li data-start=\"1010\" data-end=\"1055\">Protecci\u00f3n en zonas con riesgo el\u00e9ctrico.<\/li>\n<li data-start=\"1056\" data-end=\"1137\">Uso en entornos con presencia de sustancias qu\u00edmicas como \u00e1cidos y solventes.<\/li>\n<\/ul>\n<p data-start=\"1139\" data-end=\"1280\" data-is-last-node=\"\" data-is-only-node=\"\"><strong data-start=\"1139\" data-end=\"1175\">La Bota Nitro Diel\u00e9ctrica Segusa<\/strong> es la mejor elecci\u00f3n para quienes buscan seguridad, resistencia y comodidad en ambientes de alto riesgo.<\/p>\n<p>Necesitas m\u00e1s productos encu\u00e9ntralos en nuestra <a href=\"https:\/\/valesafety.com.pe\/tienda\">tienda\u00a0<\/a><\/p>\n<p>Para m\u00e1s informaci\u00f3n sobre este y otros productos, no dudes en contactarnos por\u00a0<a href=\"http:\/\/wa.me\/51923151009\" target=\"_blank\" rel=\"noopener\">WhatsApp<\/a>.<\/p>\n","protected":false},"excerpt":{"rendered":"<p>La Bota Nitro Segusa son necesarios en ambientes laborales desafiantes. Ofrecen protecci\u00f3n contra impactos y garantizan la comodidad del usuario durante horas de trabajo gracias a su resistente dise\u00f1o y materiales de alta calidad.<\/p>\n","protected":false},"featured_media":4193,"comment_status":"closed","ping_status":"closed","template":"","meta":{"_acf_changed":false},"product_brand":[621],"product_cat":[115,68],"product_tag":[],"class_list":{"0":"post-4144","1":"product","2":"type-product","3":"status-publish","4":"has-post-thumbnail","6":"product_brand-segusa","7":"product_cat-botas-de-pvc","8":"product_cat-zapatos-de-seguridad","10":"first","11":"instock","12":"shipping-taxable","13":"purchasable","14":"product-type-simple"},"acf":[],"_links":{"self":[{"href":"https:\/\/valesafety.com.pe\/index.php?rest_route=\/wp\/v2\/product\/4144","targetHints":{"allow":["GET"]}}],"collection":[{"href":"https:\/\/valesafety.com.pe\/index.php?rest_route=\/wp\/v2\/product"}],"about":[{"href":"https:\/\/valesafety.com.pe\/index.php?rest_route=\/wp\/v2\/types\/product"}],"replies":[{"embeddable":true,"href":"https:\/\/valesafety.com.pe\/index.php?rest_route=%2Fwp%2Fv2%2Fcomments&post=4144"}],"wp:featuredmedia":[{"embeddable":true,"href":"https:\/\/valesafety.com.pe\/index.php?rest_route=\/wp\/v2\/media\/4193"}],"wp:attachment":[{"href":"https:\/\/valesafety.com.pe\/index.php?rest_route=%2Fwp%2Fv2%2Fmedia&parent=4144"}],"wp:term":[{"taxonomy":"product_brand","embeddable":true,"href":"https:\/\/valesafety.com.pe\/index.php?rest_route=%2Fwp%2Fv2%2Fproduct_brand&post=4144"},{"taxonomy":"product_cat","embeddable":true,"href":"https:\/\/valesafety.com.pe\/index.php?rest_route=%2Fwp%2Fv2%2Fproduct_cat&post=4144"},{"taxonomy":"product_tag","embeddable":true,"href":"https:\/\/valesafety.com.pe\/index.php?rest_route=%2Fwp%2Fv2%2Fproduct_tag&post=4144"}],"curies":[{"name":"wp","href":"https:\/\/api.w.org\/{rel}","templated":true}]}}