{"id":4143,"date":"2026-04-23T22:21:43","date_gmt":"2026-04-23T20:21:43","guid":{"rendered":"http:\/\/localhost\/borrador\/?post_type=product&#038;p=4143"},"modified":"2026-05-06T12:43:47","modified_gmt":"2026-05-06T17:43:47","slug":"botas-metatarzal-segusa","status":"publish","type":"product","link":"https:\/\/valesafety.com.pe\/?product=botas-metatarzal-segusa","title":{"rendered":"Botas Metatarzal Segusa"},"content":{"rendered":"<h2>Botas Metatarzal Segusa<\/h2>\n<ul>\n<li>Material: caucho.<\/li>\n<li>Color: negro\/ verde.<\/li>\n<li>Altura de ca\u00f1a: 360 mm. (+\/- 5 mm).<\/li>\n<li>Forro: interior de loneta de algod\u00f3n 100% anti bacterial y absorci\u00f3n de sudor.<\/li>\n<\/ul>\n<p>Necesitas m\u00e1s productos encu\u00e9ntralos en nuestra <a href=\"https:\/\/valesafety.com.pe\/tienda\">tienda\u00a0<\/a><\/p>\n<p>Para m\u00e1s informaci\u00f3n sobre este y otros productos, no dudes en contactarnos por\u00a0<a href=\"http:\/\/wa.me\/51923151009\" target=\"_blank\" rel=\"noopener\">WhatsApp<\/a>.<\/p>\n","protected":false},"excerpt":{"rendered":"<p>Las Botas Metatarzal Segusa brindan protecci\u00f3n esencial en ambientes industriales. Hechas de materiales duraderos, aseguran protecci\u00f3n contra impactos en el \u00e1rea del metatarso y garantizan la integridad del trabajador durante su d\u00eda laboral.<\/p>\n","protected":false},"featured_media":4192,"comment_status":"closed","ping_status":"closed","template":"","meta":{"_acf_changed":false},"product_brand":[621],"product_cat":[115,68],"product_tag":[],"class_list":{"0":"post-4143","1":"product","2":"type-product","3":"status-publish","4":"has-post-thumbnail","6":"product_brand-segusa","7":"product_cat-botas-de-pvc","8":"product_cat-zapatos-de-seguridad","10":"first","11":"instock","12":"shipping-taxable","13":"purchasable","14":"product-type-simple"},"acf":[],"_links":{"self":[{"href":"https:\/\/valesafety.com.pe\/index.php?rest_route=\/wp\/v2\/product\/4143","targetHints":{"allow":["GET"]}}],"collection":[{"href":"https:\/\/valesafety.com.pe\/index.php?rest_route=\/wp\/v2\/product"}],"about":[{"href":"https:\/\/valesafety.com.pe\/index.php?rest_route=\/wp\/v2\/types\/product"}],"replies":[{"embeddable":true,"href":"https:\/\/valesafety.com.pe\/index.php?rest_route=%2Fwp%2Fv2%2Fcomments&post=4143"}],"wp:featuredmedia":[{"embeddable":true,"href":"https:\/\/valesafety.com.pe\/index.php?rest_route=\/wp\/v2\/media\/4192"}],"wp:attachment":[{"href":"https:\/\/valesafety.com.pe\/index.php?rest_route=%2Fwp%2Fv2%2Fmedia&parent=4143"}],"wp:term":[{"taxonomy":"product_brand","embeddable":true,"href":"https:\/\/valesafety.com.pe\/index.php?rest_route=%2Fwp%2Fv2%2Fproduct_brand&post=4143"},{"taxonomy":"product_cat","embeddable":true,"href":"https:\/\/valesafety.com.pe\/index.php?rest_route=%2Fwp%2Fv2%2Fproduct_cat&post=4143"},{"taxonomy":"product_tag","embeddable":true,"href":"https:\/\/valesafety.com.pe\/index.php?rest_route=%2Fwp%2Fv2%2Fproduct_tag&post=4143"}],"curies":[{"name":"wp","href":"https:\/\/api.w.org\/{rel}","templated":true}]}}