{"id":4140,"date":"2026-04-23T22:21:43","date_gmt":"2026-04-23T20:21:43","guid":{"rendered":"http:\/\/localhost\/borrador\/?post_type=product&#038;p=4140"},"modified":"2026-05-06T16:59:08","modified_gmt":"2026-05-06T21:59:08","slug":"guante-ve-712-gr-deltaplus","status":"publish","type":"product","link":"https:\/\/valesafety.com.pe\/?product=guante-ve-712-gr-deltaplus","title":{"rendered":"Guante VE 712 GR Deltaplus"},"content":{"rendered":"<h2>Guante VE 712 GR Deltaplus<\/h2>\n<ul>\n<li>Guante VE 712 GR con palma nitrilo liso.<\/li>\n<li>100% poli\u00e9ster.<\/li>\n<li>Impregnaci\u00f3n de nitrilo en palma y punta de los dedos.<\/li>\n<li>Galga 13.<\/li>\n<li>Soporte: 100% poli\u00e9ster.<\/li>\n<li>Impregnaci\u00f3n: 100% nitrilo.<\/li>\n<\/ul>\n<h3>Ventajas del producto:<\/h3>\n<p data-start=\"59\" data-end=\"286\">Los guantes de nitrilo est\u00e1n dise\u00f1ados para ofrecer <strong data-start=\"111\" data-end=\"142\">m\u00e1xima protecci\u00f3n e higiene<\/strong> en entornos laborales exigentes. Su material elimina el riesgo de alergias, convirti\u00e9ndose en una alternativa segura para todos los usuarios.<\/p>\n<p data-start=\"288\" data-end=\"533\" data-is-last-node=\"\" data-is-only-node=\"\">En t\u00e9rminos de rendimiento, el recubrimiento de nitrilo proporciona un <strong data-start=\"359\" data-end=\"415\">excelente agarre en superficies aceitosas y grasas<\/strong> , permitiendo una manipulaci\u00f3n m\u00e1s segura y precisa de objetos en entornos industriales, mec\u00e1nicos y de mantenimiento.<\/p>\n<p><strong>Certificaci\u00f3n:<\/strong><\/p>\n<ul>\n<li>EN388:2016+A1:2018<br \/>\n3 [0-4] RESISTENCIA A LA ABRASI\u00d3N<br \/>\n1 [0-5] RESISTENCIA A LOS CORTES<br \/>\n2 [0-4] TEAR RESISTANCE<br \/>\n1 [0-4] PIERCE RESISTANCE<br \/>\nX [A-F] CUT RESISTANCE ISO 13997<\/li>\n<li>Normas ISO 18889<\/li>\n<li>GR: \u00a0\u00a0\u00a0 Protecci\u00f3n contra los residuos de pesticida (parcialmente) secos en la palma y en la punta de los dedos.<\/li>\n<li>Necesitas m\u00e1s productos encu\u00e9ntralos en nuestra <a href=\"https:\/\/valesafety.com.pe\/tienda\">tienda\u00a0<\/a><\/li>\n<\/ul>\n<p>Para m\u00e1s informaci\u00f3n sobre este y otros productos, no dudes en contactarnos por\u00a0<a href=\"http:\/\/wa.me\/51923151009\" target=\"_blank\" rel=\"noopener\">WhatsApp<\/a>.<\/p>\n","protected":false},"excerpt":{"rendered":"<p>Guante ve 712 Deltaplus\u00a0 brinda protecci\u00f3n y confort en ambientes laborales. Con su dise\u00f1o ergon\u00f3mico y materiales duraderos, protege contra cortes y abrasiones para garantizar la seguridad y el bienestar del usuario.<\/p>\n","protected":false},"featured_media":4181,"comment_status":"closed","ping_status":"closed","template":"","meta":{"_acf_changed":false},"product_brand":[27],"product_cat":[91,59],"product_tag":[190,191,192],"class_list":{"0":"post-4140","1":"product","2":"type-product","3":"status-publish","4":"has-post-thumbnail","6":"product_brand-deltaplus","7":"product_cat-guante-anticorte","8":"product_cat-proteccion-de-las-manos","9":"product_tag-guante-anticorte","10":"product_tag-guante-nitrilo","11":"product_tag-ve712","13":"first","14":"instock","15":"shipping-taxable","16":"purchasable","17":"product-type-simple"},"acf":[],"_links":{"self":[{"href":"https:\/\/valesafety.com.pe\/index.php?rest_route=\/wp\/v2\/product\/4140","targetHints":{"allow":["GET"]}}],"collection":[{"href":"https:\/\/valesafety.com.pe\/index.php?rest_route=\/wp\/v2\/product"}],"about":[{"href":"https:\/\/valesafety.com.pe\/index.php?rest_route=\/wp\/v2\/types\/product"}],"replies":[{"embeddable":true,"href":"https:\/\/valesafety.com.pe\/index.php?rest_route=%2Fwp%2Fv2%2Fcomments&post=4140"}],"wp:featuredmedia":[{"embeddable":true,"href":"https:\/\/valesafety.com.pe\/index.php?rest_route=\/wp\/v2\/media\/4181"}],"wp:attachment":[{"href":"https:\/\/valesafety.com.pe\/index.php?rest_route=%2Fwp%2Fv2%2Fmedia&parent=4140"}],"wp:term":[{"taxonomy":"product_brand","embeddable":true,"href":"https:\/\/valesafety.com.pe\/index.php?rest_route=%2Fwp%2Fv2%2Fproduct_brand&post=4140"},{"taxonomy":"product_cat","embeddable":true,"href":"https:\/\/valesafety.com.pe\/index.php?rest_route=%2Fwp%2Fv2%2Fproduct_cat&post=4140"},{"taxonomy":"product_tag","embeddable":true,"href":"https:\/\/valesafety.com.pe\/index.php?rest_route=%2Fwp%2Fv2%2Fproduct_tag&post=4140"}],"curies":[{"name":"wp","href":"https:\/\/api.w.org\/{rel}","templated":true}]}}