{"id":4139,"date":"2026-04-23T22:21:43","date_gmt":"2026-04-23T20:21:43","guid":{"rendered":"http:\/\/localhost\/borrador\/?post_type=product&#038;p=4139"},"modified":"2026-05-06T16:59:02","modified_gmt":"2026-05-06T21:59:02","slug":"guante-ve702-pu-deltaplus","status":"publish","type":"product","link":"https:\/\/valesafety.com.pe\/?product=guante-ve702-pu-deltaplus","title":{"rendered":"Guante VE702 PU Deltaplus"},"content":{"rendered":"<h2>Guante VE702 PU Deltaplus<\/h2>\n<ul>\n<li>100% poli\u00e9ster.<\/li>\n<li>Impregnaci\u00f3n de poliuretano en palma y punta de los dedos.<\/li>\n<li>Los guantes de seguridad con protecci\u00f3n contra el desgaste est\u00e1n dise\u00f1ados para brindar <strong data-start=\"144\" data-end=\"173\">resistencia y durabilidad<\/strong> en trabajos exigentes.<\/li>\n<li>Galga 13.<\/li>\n<li>Soporte: 100% poli\u00e9ster.<\/li>\n<li>Impregnaci\u00f3n: 100% poliuretano.<\/li>\n<\/ul>\n<p><strong>Aplicaciones:<\/strong><\/p>\n<p data-start=\"83\" data-end=\"237\">Los guantes de seguridad con protecci\u00f3n contra el desgaste son ideales para diversas industrias y trabajos que requieren resistencia, agarre y durabilidad.<\/p>\n<h4 data-start=\"239\" data-end=\"272\"><strong data-start=\"244\" data-end=\"270\">Sectores de aplicaci\u00f3n<\/strong><\/h4>\n<p data-start=\"274\" data-end=\"309\"><strong data-start=\"274\" data-end=\"307\">Construcci\u00f3n y Obras P\u00fablicas<\/strong><\/p>\n<ul data-start=\"310\" data-end=\"431\">\n<li data-start=\"310\" data-end=\"348\">Trabajos de edificaci\u00f3n y reformas<\/li>\n<li data-start=\"349\" data-end=\"386\">mantenimiento de infraestructuras<\/li>\n<li data-start=\"387\" data-end=\"431\">Protecci\u00f3n en manipulaci\u00f3n de materiales.<\/li>\n<\/ul>\n<p data-start=\"433\" data-end=\"464\"><strong data-start=\"433\" data-end=\"462\">Industria y mantenimiento<\/strong><\/p>\n<ul data-start=\"465\" data-end=\"603\">\n<li data-start=\"465\" data-end=\"513\">Tareas de mantenimiento industrial y general<\/li>\n<li data-start=\"514\" data-end=\"552\">Reparaciones en entornos exigentes<\/li>\n<li data-start=\"553\" data-end=\"603\">Prevenci\u00f3n de lesiones por fricci\u00f3n y desgaste<\/li>\n<\/ul>\n<p data-start=\"605\" data-end=\"621\"><strong data-start=\"605\" data-end=\"619\">Automoci\u00f3n<\/strong><\/p>\n<ul data-start=\"622\" data-end=\"708\">\n<li data-start=\"622\" data-end=\"662\">Ensamblaje y reparaci\u00f3n de veh\u00edculos.<\/li>\n<li data-start=\"663\" data-end=\"708\">Manejo de herramientas y piezas mecanicas<\/li>\n<\/ul>\n<p data-start=\"710\" data-end=\"758\"><strong data-start=\"710\" data-end=\"756\">Tratamiento de Aguas y Gesti\u00f3n de Residuos<\/strong><\/p>\n<ul data-start=\"759\" data-end=\"867\">\n<li data-start=\"759\" data-end=\"814\">Protecci\u00f3n en la manipulaci\u00f3n de materiales h\u00famedos.<\/li>\n<li data-start=\"815\" data-end=\"867\">Seguridad en trabajos de saneamiento y reciclaje<\/li>\n<\/ul>\n<h3>Certificaci\u00f3n:<\/h3>\n<ul>\n<li>EN388:2016+A1:2018<br \/>\n3 [0-4] RESISTENCIA A LA ABRASI\u00d3N<br \/>\n1 [0-5] RESISTENCIA A LOS CORTES<br \/>\n2 [0-4] TEAR RESISTANCE<br \/>\n1 [0-4] PIERCE RESISTANCE<br \/>\nX [A-F] CUT RESISTANCE ISO 13997<\/li>\n<\/ul>\n<p>Necesitas m\u00e1s productos encu\u00e9ntralos en nuestra <a href=\"https:\/\/valesafety.com.pe\/tienda\">tienda\u00a0<\/a><\/p>\n<p>Para m\u00e1s informaci\u00f3n sobre este y otros productos, no dudes en contactarnos por\u00a0<a href=\"http:\/\/wa.me\/51923151009\" target=\"_blank\" rel=\"noopener\">WhatsApp<\/a>.<\/p>\n","protected":false},"excerpt":{"rendered":"<p data-pm-slice=\"1 1 []\">El Guante VE702 PU Deltaplus es una elecci\u00f3n confiable en entornos de trabajo exigentes. Ofreciendo seguridad y comodidad, garantiza protecci\u00f3n contra cortes y abrasiones con su dise\u00f1o ergon\u00f3mico y materiales duraderos.<\/p>\n","protected":false},"featured_media":4180,"comment_status":"closed","ping_status":"closed","template":"","meta":{"_acf_changed":false},"product_brand":[27],"product_cat":[91,59],"product_tag":[],"class_list":{"0":"post-4139","1":"product","2":"type-product","3":"status-publish","4":"has-post-thumbnail","6":"product_brand-deltaplus","7":"product_cat-guante-anticorte","8":"product_cat-proteccion-de-las-manos","10":"first","11":"instock","12":"shipping-taxable","13":"purchasable","14":"product-type-simple"},"acf":[],"_links":{"self":[{"href":"https:\/\/valesafety.com.pe\/index.php?rest_route=\/wp\/v2\/product\/4139","targetHints":{"allow":["GET"]}}],"collection":[{"href":"https:\/\/valesafety.com.pe\/index.php?rest_route=\/wp\/v2\/product"}],"about":[{"href":"https:\/\/valesafety.com.pe\/index.php?rest_route=\/wp\/v2\/types\/product"}],"replies":[{"embeddable":true,"href":"https:\/\/valesafety.com.pe\/index.php?rest_route=%2Fwp%2Fv2%2Fcomments&post=4139"}],"wp:featuredmedia":[{"embeddable":true,"href":"https:\/\/valesafety.com.pe\/index.php?rest_route=\/wp\/v2\/media\/4180"}],"wp:attachment":[{"href":"https:\/\/valesafety.com.pe\/index.php?rest_route=%2Fwp%2Fv2%2Fmedia&parent=4139"}],"wp:term":[{"taxonomy":"product_brand","embeddable":true,"href":"https:\/\/valesafety.com.pe\/index.php?rest_route=%2Fwp%2Fv2%2Fproduct_brand&post=4139"},{"taxonomy":"product_cat","embeddable":true,"href":"https:\/\/valesafety.com.pe\/index.php?rest_route=%2Fwp%2Fv2%2Fproduct_cat&post=4139"},{"taxonomy":"product_tag","embeddable":true,"href":"https:\/\/valesafety.com.pe\/index.php?rest_route=%2Fwp%2Fv2%2Fproduct_tag&post=4139"}],"curies":[{"name":"wp","href":"https:\/\/api.w.org\/{rel}","templated":true}]}}