{"id":4137,"date":"2026-04-23T22:21:42","date_gmt":"2026-04-23T20:21:42","guid":{"rendered":"http:\/\/localhost\/borrador\/?post_type=product&#038;p=4137"},"modified":"2026-05-06T16:17:06","modified_gmt":"2026-05-06T21:17:06","slug":"guante-antivibratorio-deltaplus-vv904","status":"publish","type":"product","link":"https:\/\/valesafety.com.pe\/?product=guante-antivibratorio-deltaplus-vv904","title":{"rendered":"Guante Antivibratorio Deltaplus VV904"},"content":{"rendered":"<h2>Guante Antivibratorio Deltaplus VV904<\/h2>\n<ul>\n<li>Marca: Delta Plus<\/li>\n<li>Guante VV904 Delta Plus<\/li>\n<li>100% Poli\u00e9ster en la palma y punta de los dedos reforzados<\/li>\n<li>Palma y punta de los dedos reforzados con almohadillas de goma (espesor 0,8 cm).<\/li>\n<li>Refuerzo de TPR.<\/li>\n<li>Galga 7.<\/li>\n<li>Soporte: 100% poli\u00e9ster.<\/li>\n<li>Impregnaci\u00f3n: l\u00e1tex natural.<\/li>\n<li>Refuerzo del dorso: Termopl\u00e1stico (TPR).<\/li>\n<\/ul>\n<h3>Certificaciones:<\/h3>\n<ul>\n<li>EN388:2016\u00a0Guantes contra los riesgos Mec\u00e1nicos (Niveles obtenidos en la palma)<\/li>\n<li>EN\/ISO10819:2013 Vibraciones y choques de or\u00edgenes mec\u00e1nicos para los brazos y manos<\/li>\n<\/ul>\n<p>Necesitas m\u00e1s productos encu\u00e9ntralos en nuestra <a href=\"https:\/\/valesafety.com.pe\/tienda\">tienda\u00a0<\/a><\/p>\n<p>Para m\u00e1s informaci\u00f3n sobre este y otros productos, no dudes en contactarnos por\u00a0<a href=\"http:\/\/wa.me\/51923151009\" target=\"_blank\" rel=\"noopener\">WhatsApp<\/a>.<\/p>\n","protected":false},"excerpt":{"rendered":"<p>El guante antivibratorio vv904 Deltaplus se requieren en entornos laborales que incluyan el uso de herramientas el\u00e9ctricas o de vibraci\u00f3n. Utilizando materiales amortiguadores y un dise\u00f1o ergon\u00f3mico, se disminuye la fatiga y se previenen lesiones musculoesquel\u00e9ticas, garantizando la seguridad del usuario.<\/p>\n","protected":false},"featured_media":4178,"comment_status":"closed","ping_status":"closed","template":"","meta":{"_acf_changed":false},"product_brand":[27],"product_cat":[92,59],"product_tag":[],"class_list":{"0":"post-4137","1":"product","2":"type-product","3":"status-publish","4":"has-post-thumbnail","6":"product_brand-deltaplus","7":"product_cat-guante-antideslizante","8":"product_cat-proteccion-de-las-manos","10":"first","11":"instock","12":"shipping-taxable","13":"purchasable","14":"product-type-simple"},"acf":[],"_links":{"self":[{"href":"https:\/\/valesafety.com.pe\/index.php?rest_route=\/wp\/v2\/product\/4137","targetHints":{"allow":["GET"]}}],"collection":[{"href":"https:\/\/valesafety.com.pe\/index.php?rest_route=\/wp\/v2\/product"}],"about":[{"href":"https:\/\/valesafety.com.pe\/index.php?rest_route=\/wp\/v2\/types\/product"}],"replies":[{"embeddable":true,"href":"https:\/\/valesafety.com.pe\/index.php?rest_route=%2Fwp%2Fv2%2Fcomments&post=4137"}],"wp:featuredmedia":[{"embeddable":true,"href":"https:\/\/valesafety.com.pe\/index.php?rest_route=\/wp\/v2\/media\/4178"}],"wp:attachment":[{"href":"https:\/\/valesafety.com.pe\/index.php?rest_route=%2Fwp%2Fv2%2Fmedia&parent=4137"}],"wp:term":[{"taxonomy":"product_brand","embeddable":true,"href":"https:\/\/valesafety.com.pe\/index.php?rest_route=%2Fwp%2Fv2%2Fproduct_brand&post=4137"},{"taxonomy":"product_cat","embeddable":true,"href":"https:\/\/valesafety.com.pe\/index.php?rest_route=%2Fwp%2Fv2%2Fproduct_cat&post=4137"},{"taxonomy":"product_tag","embeddable":true,"href":"https:\/\/valesafety.com.pe\/index.php?rest_route=%2Fwp%2Fv2%2Fproduct_tag&post=4137"}],"curies":[{"name":"wp","href":"https:\/\/api.w.org\/{rel}","templated":true}]}}