{"id":4136,"date":"2026-04-23T22:21:42","date_gmt":"2026-04-23T20:21:42","guid":{"rendered":"http:\/\/localhost\/borrador\/?post_type=product&#038;p=4136"},"modified":"2026-05-07T11:04:18","modified_gmt":"2026-05-07T16:04:18","slug":"zapato-delta-sport-s1p-src-delta-plus","status":"publish","type":"product","link":"https:\/\/valesafety.com.pe\/?product=zapato-delta-sport-s1p-src-delta-plus","title":{"rendered":"Zapato Delta Sport S1P SRC DELTA PLUS"},"content":{"rendered":"<h2>Zapato Delta Sport S1P SRC DELTA PLUS<\/h2>\n<ul>\n<li>Ca\u00f1a: PU inyectada sobre malla.<\/li>\n<li>Forro: Poli\u00e9ster.<\/li>\n<li>Plantilla interior: Preformada amovible &#8211; Poli\u00e9ster sobre EVA.<\/li>\n<li>Suela: Sellada &#8211; Phylon.<\/li>\n<li>Suela de uso: Caucho nitrilo.<\/li>\n<li>Calzado no magn\u00e9tico.<\/li>\n<\/ul>\n<p>Necesitas m\u00e1s productos encu\u00e9ntralos en nuestra <a href=\"https:\/\/valesafety.com.pe\/tienda\">tienda\u00a0<\/a><\/p>\n<p>Para m\u00e1s informaci\u00f3n sobre este y otros productos, no dudes en contactarnos por\u00a0<a href=\"http:\/\/wa.me\/51923151009\" target=\"_blank\" rel=\"noopener\">WhatsApp<\/a>.<\/p>\n","protected":false},"excerpt":{"rendered":"<p>El Zapato Sport Deltaplus\u00a0se usa en entornos laborales activos se combina estilo y seguridad. Brindan una protecci\u00f3n confiable con su puntera de acero y suela antideslizante. Durante toda la jornada laboral, su dise\u00f1o ergon\u00f3mico y materiales transpirables aseguran comodidad.<\/p>\n","protected":false},"featured_media":4176,"comment_status":"closed","ping_status":"closed","template":"","meta":{"_acf_changed":false},"product_brand":[27],"product_cat":[68,116],"product_tag":[],"class_list":{"0":"post-4136","1":"product","2":"type-product","3":"status-publish","4":"has-post-thumbnail","6":"product_brand-deltaplus","7":"product_cat-zapatos-de-seguridad","8":"product_cat-zapatos-de-trabajo","10":"first","11":"instock","12":"shipping-taxable","13":"purchasable","14":"product-type-simple"},"acf":[],"_links":{"self":[{"href":"https:\/\/valesafety.com.pe\/index.php?rest_route=\/wp\/v2\/product\/4136","targetHints":{"allow":["GET"]}}],"collection":[{"href":"https:\/\/valesafety.com.pe\/index.php?rest_route=\/wp\/v2\/product"}],"about":[{"href":"https:\/\/valesafety.com.pe\/index.php?rest_route=\/wp\/v2\/types\/product"}],"replies":[{"embeddable":true,"href":"https:\/\/valesafety.com.pe\/index.php?rest_route=%2Fwp%2Fv2%2Fcomments&post=4136"}],"wp:featuredmedia":[{"embeddable":true,"href":"https:\/\/valesafety.com.pe\/index.php?rest_route=\/wp\/v2\/media\/4176"}],"wp:attachment":[{"href":"https:\/\/valesafety.com.pe\/index.php?rest_route=%2Fwp%2Fv2%2Fmedia&parent=4136"}],"wp:term":[{"taxonomy":"product_brand","embeddable":true,"href":"https:\/\/valesafety.com.pe\/index.php?rest_route=%2Fwp%2Fv2%2Fproduct_brand&post=4136"},{"taxonomy":"product_cat","embeddable":true,"href":"https:\/\/valesafety.com.pe\/index.php?rest_route=%2Fwp%2Fv2%2Fproduct_cat&post=4136"},{"taxonomy":"product_tag","embeddable":true,"href":"https:\/\/valesafety.com.pe\/index.php?rest_route=%2Fwp%2Fv2%2Fproduct_tag&post=4136"}],"curies":[{"name":"wp","href":"https:\/\/api.w.org\/{rel}","templated":true}]}}