{"id":4135,"date":"2026-04-23T22:21:42","date_gmt":"2026-04-23T20:21:42","guid":{"rendered":"http:\/\/localhost\/borrador\/?post_type=product&#038;p=4135"},"modified":"2026-05-06T13:04:38","modified_gmt":"2026-05-06T18:04:38","slug":"botin-saga-deltaplus","status":"publish","type":"product","link":"https:\/\/valesafety.com.pe\/?product=botin-saga-deltaplus","title":{"rendered":"Bot\u00edn Saga Deltaplus"},"content":{"rendered":"<h2>Bot\u00edn Saga Deltaplus<\/h2>\n<ul>\n<li>Ca\u00f1a: Piel flor nobuck, tratamiento impermeable S3.<\/li>\n<li>Forro: Poli\u00e9ster.<\/li>\n<li>Plantilla interior\u00a0: Amovible \u2013 Poli\u00e9ster sobre EVA.<\/li>\n<li>Suela : Sellada \u2013 PU\/Caucho.<\/li>\n<li>Puntera de composite 200J mayor ligereza y menor cansancio NO conductor de calor ni fr\u00edo<\/li>\n<li>NO MAGN\u00c9TICO (Sin parte met\u00e1lica) Compatible con los controles de seguridad (detectores de metal)<\/li>\n<li>Calzado no magn\u00e9tico.<\/li>\n<\/ul>\n<h3>Certificaci\u00f3n y normas:<\/h3>\n<p>Reglamentaci\u00f3n (UE) 216\/425<\/p>\n<p>EN ISO 20344: 2011 Equipos de protecci\u00f3n personal &#8211; M\u00e9todos de ensayo para calzado<\/p>\n<p>EN ISO 2345: 2011 Equipo de protecci\u00f3n individual. Calzado de seguridad.<\/p>\n<p>S3 HRO: Exigencias adicionales para aplicaciones particulares<\/p>\n<p>SRC: Resistencia al deslizamiento.<\/p>\n<p>Necesitas m\u00e1s productos encu\u00e9ntralos en nuestra <a href=\"https:\/\/valesafety.com.pe\/tienda\">tienda\u00a0<\/a><\/p>\n<p>Para m\u00e1s informaci\u00f3n sobre este y otros productos, no dudes en contactarnos por\u00a0<a href=\"http:\/\/wa.me\/51923151009\" target=\"_blank\" rel=\"noopener\">WhatsApp<\/a>.<\/p>\n","protected":false},"excerpt":{"rendered":"<p>El <strong>Bot\u00edn Saga Deltaplus <\/strong>son necesarios en entornos laborales desafiantes. Ofrecen protecci\u00f3n \u00f3ptima con una construcci\u00f3n robusta y puntera reforzada. Priorizando la seguridad del trabajador, su dise\u00f1o ergon\u00f3mico y suela antideslizante garantizan comodidad y estabilidad.<\/p>\n","protected":false},"featured_media":4175,"comment_status":"closed","ping_status":"closed","template":"","meta":{"_acf_changed":false},"product_brand":[27],"product_cat":[68,116],"product_tag":[],"class_list":{"0":"post-4135","1":"product","2":"type-product","3":"status-publish","4":"has-post-thumbnail","6":"product_brand-deltaplus","7":"product_cat-zapatos-de-seguridad","8":"product_cat-zapatos-de-trabajo","10":"first","11":"instock","12":"shipping-taxable","13":"purchasable","14":"product-type-simple"},"acf":[],"_links":{"self":[{"href":"https:\/\/valesafety.com.pe\/index.php?rest_route=\/wp\/v2\/product\/4135","targetHints":{"allow":["GET"]}}],"collection":[{"href":"https:\/\/valesafety.com.pe\/index.php?rest_route=\/wp\/v2\/product"}],"about":[{"href":"https:\/\/valesafety.com.pe\/index.php?rest_route=\/wp\/v2\/types\/product"}],"replies":[{"embeddable":true,"href":"https:\/\/valesafety.com.pe\/index.php?rest_route=%2Fwp%2Fv2%2Fcomments&post=4135"}],"wp:featuredmedia":[{"embeddable":true,"href":"https:\/\/valesafety.com.pe\/index.php?rest_route=\/wp\/v2\/media\/4175"}],"wp:attachment":[{"href":"https:\/\/valesafety.com.pe\/index.php?rest_route=%2Fwp%2Fv2%2Fmedia&parent=4135"}],"wp:term":[{"taxonomy":"product_brand","embeddable":true,"href":"https:\/\/valesafety.com.pe\/index.php?rest_route=%2Fwp%2Fv2%2Fproduct_brand&post=4135"},{"taxonomy":"product_cat","embeddable":true,"href":"https:\/\/valesafety.com.pe\/index.php?rest_route=%2Fwp%2Fv2%2Fproduct_cat&post=4135"},{"taxonomy":"product_tag","embeddable":true,"href":"https:\/\/valesafety.com.pe\/index.php?rest_route=%2Fwp%2Fv2%2Fproduct_tag&post=4135"}],"curies":[{"name":"wp","href":"https:\/\/api.w.org\/{rel}","templated":true}]}}