{"id":4132,"date":"2026-04-23T22:21:42","date_gmt":"2026-04-23T20:21:42","guid":{"rendered":"http:\/\/localhost\/borrador\/?post_type=product&#038;p=4132"},"modified":"2026-05-06T13:04:38","modified_gmt":"2026-05-06T18:04:38","slug":"botin-nebrazka-tecseg","status":"publish","type":"product","link":"https:\/\/valesafety.com.pe\/?product=botin-nebrazka-tecseg","title":{"rendered":"Bot\u00edn Nebrazka Tecseg"},"content":{"rendered":"<h2>Bot\u00edn Nebrazka Tecseg<\/h2>\n<p><strong data-start=\"2056\" data-end=\"2078\">M\u00e1xima protecci\u00f3n:<\/strong> Cumple con normativas internacionales.<\/p>\n<p><strong data-start=\"2122\" data-end=\"2146\">Confort excepcional:<\/strong> Dise\u00f1o ergon\u00f3mico y materiales de calidad.<\/p>\n<p><strong data-start=\"2194\" data-end=\"2222\">Durabilidad garantizada:<\/strong> Materiales de alta resistencia para mayor vida \u00fatil.<\/p>\n<p data-start=\"571\" data-end=\"615\"><strong data-start=\"571\" data-end=\"613\">Suela de Caucho Nitrilo Antideslizante<\/strong><\/p>\n<ul data-start=\"616\" data-end=\"786\">\n<li data-start=\"616\" data-end=\"657\">Resistente a la abrasi\u00f3n (\u2264 150 mm\u00b3).<\/li>\n<li data-start=\"658\" data-end=\"711\">Propiedades diel\u00e9ctricas (cumple con ASTM F2413).<\/li>\n<li data-start=\"712\" data-end=\"744\">Resistencia a hidrocarburos.<\/li>\n<li data-start=\"745\" data-end=\"786\">Ligera y flexible para mayor comodidad.<\/li>\n<\/ul>\n<p data-start=\"788\" data-end=\"814\"><strong data-start=\"788\" data-end=\"812\">Entresuela de Phylon<\/strong><\/p>\n<ul data-start=\"815\" data-end=\"926\">\n<li data-start=\"815\" data-end=\"864\">Material de baja densidad y alta resiliencia.<\/li>\n<li data-start=\"865\" data-end=\"926\">Proporciona amortiguaci\u00f3n y comodidad en largas jornadas.<\/li>\n<\/ul>\n<p data-start=\"928\" data-end=\"972\"><strong data-start=\"928\" data-end=\"970\">Capellada de Cuero Floater Hidrofugado<\/strong><\/p>\n<ul data-start=\"973\" data-end=\"1242\">\n<li data-start=\"973\" data-end=\"1023\">Cuero 100% natural con grosor de 1,8 \u2013 2,0 mm.<\/li>\n<li data-start=\"1024\" data-end=\"1061\">Resistente al agua y al desgaste.<\/li>\n<li data-start=\"1062\" data-end=\"1125\">Leng\u00fceta y cuello en descarne natural para mayor comodidad.<\/li>\n<li data-start=\"1126\" data-end=\"1175\">Ojalillos no met\u00e1licos para evitar la corrosi\u00f3n.<\/li>\n<li data-start=\"1176\" data-end=\"1242\">Refuerzo de caucho en la punta y el tal\u00f3n para mayor durabilidad.<\/li>\n<\/ul>\n<p data-start=\"1244\" data-end=\"1287\"><strong data-start=\"1244\" data-end=\"1285\">Forro de Gamuza Soft y Cuero Interior<\/strong><\/p>\n<ul data-start=\"1288\" data-end=\"1370\">\n<li data-start=\"1288\" data-end=\"1332\">Suave y transpirable para mayor comodidad.<\/li>\n<li data-start=\"1333\" data-end=\"1370\">Reduzca la acumulaci\u00f3n de humedad.<\/li>\n<\/ul>\n<p data-start=\"1372\" data-end=\"1417\"><strong data-start=\"1372\" data-end=\"1415\">Plantilla Ergon\u00f3mica con Gel Antiimpacto<\/strong><\/p>\n<ul data-start=\"1418\" data-end=\"1522\">\n<li data-start=\"1418\" data-end=\"1464\">Combinaci\u00f3n de PU + TPU + GEL en el tal\u00f3n.<\/li>\n<li data-start=\"1465\" data-end=\"1522\">Absorci\u00f3n de impactos para mayor comodidad y seguridad.<\/li>\n<\/ul>\n<p data-start=\"1524\" data-end=\"1564\"><strong data-start=\"1524\" data-end=\"1562\">Puntera de Seguridad Punta Composite<\/strong><\/p>\n<ul data-start=\"1565\" data-end=\"1721\">\n<li data-start=\"1565\" data-end=\"1607\">M\u00e1s liviana y resistente que el acero.<\/li>\n<li data-start=\"1608\" data-end=\"1679\">Soporta impactos de hasta <strong data-start=\"1636\" data-end=\"1650\">200 julios<\/strong> y <strong data-start=\"1653\" data-end=\"1676\">15 kN de compresi\u00f3n<\/strong> .<\/li>\n<li data-start=\"1680\" data-end=\"1721\">Cumple con la norma <strong data-start=\"1702\" data-end=\"1718\">ISO EN 20345<\/strong> .<\/li>\n<\/ul>\n<p data-start=\"1723\" data-end=\"1763\"><strong data-start=\"1723\" data-end=\"1761\">Plantilla antiperforante de Kevlar<\/strong><\/p>\n<ul data-start=\"1764\" data-end=\"1882\">\n<li data-start=\"1764\" data-end=\"1791\">Flexible y ultraligera.<\/li>\n<li data-start=\"1792\" data-end=\"1846\">Protege contra perforaciones de hasta <strong data-start=\"1832\" data-end=\"1843\">1.100 N<\/strong> .<\/li>\n<li data-start=\"1847\" data-end=\"1882\">Certificaci\u00f3n <strong data-start=\"1863\" data-end=\"1879\">ISO EN 20345<\/strong> .<\/li>\n<\/ul>\n<p data-start=\"1884\" data-end=\"1925\"><strong data-start=\"1884\" data-end=\"1923\">Membrana Impermeable y Transpirable<\/strong><\/p>\n<ul data-start=\"1926\" data-end=\"1986\">\n<li data-start=\"1926\" data-end=\"1986\">Mantiene los pies secos y c\u00f3modos en cualquier ambiente.<\/li>\n<\/ul>\n<h3 data-start=\"1988\" data-end=\"2053\"><strong data-start=\"1992\" data-end=\"2051\">\u00bfPor qu\u00e9 elegir el Calzado de Seguridad TECSEG Premium?<\/strong><\/h3>\n<p data-start=\"1988\" data-end=\"2053\"><span style=\"font-size: 16px;\">Ideal para industrias como <\/span>construcci\u00f3n, miner\u00eda, fabricaci\u00f3n, log\u00edstica y m\u00e1s<span style=\"font-size: 16px;\"> .<\/span><\/p>\n<p>Necesitas m\u00e1s productos encu\u00e9ntralos en nuestra <a href=\"https:\/\/valesafety.com.pe\/tienda\">tienda\u00a0<\/a><\/p>\n<p>Para m\u00e1s informaci\u00f3n sobre este y otros productos, no dudes en contactarnos por\u00a0<a href=\"http:\/\/wa.me\/51923151009\" target=\"_blank\" rel=\"noopener\">WhatsApp<\/a>.<\/p>\n","protected":false},"excerpt":{"rendered":"<p>El Bot\u00edn Nebrazka Tecseg se usa en entornos industriales, la resistencia y comodidad son combinadas de manera esencial. Con suela antideslizante y puntera de acero, garantizan estabilidad y seguridad. El dise\u00f1o ergon\u00f3mico proporciona comodidad durante largas horas de trabajo, garantizando la protecci\u00f3n de los trabajadores.<\/p>\n","protected":false},"featured_media":4161,"comment_status":"closed","ping_status":"closed","template":"","meta":{"_acf_changed":false},"product_brand":[36],"product_cat":[68,116],"product_tag":[],"class_list":{"0":"post-4132","1":"product","2":"type-product","3":"status-publish","4":"has-post-thumbnail","6":"product_brand-tecseg","7":"product_cat-zapatos-de-seguridad","8":"product_cat-zapatos-de-trabajo","10":"first","11":"instock","12":"shipping-taxable","13":"purchasable","14":"product-type-simple"},"acf":[],"_links":{"self":[{"href":"https:\/\/valesafety.com.pe\/index.php?rest_route=\/wp\/v2\/product\/4132","targetHints":{"allow":["GET"]}}],"collection":[{"href":"https:\/\/valesafety.com.pe\/index.php?rest_route=\/wp\/v2\/product"}],"about":[{"href":"https:\/\/valesafety.com.pe\/index.php?rest_route=\/wp\/v2\/types\/product"}],"replies":[{"embeddable":true,"href":"https:\/\/valesafety.com.pe\/index.php?rest_route=%2Fwp%2Fv2%2Fcomments&post=4132"}],"wp:featuredmedia":[{"embeddable":true,"href":"https:\/\/valesafety.com.pe\/index.php?rest_route=\/wp\/v2\/media\/4161"}],"wp:attachment":[{"href":"https:\/\/valesafety.com.pe\/index.php?rest_route=%2Fwp%2Fv2%2Fmedia&parent=4132"}],"wp:term":[{"taxonomy":"product_brand","embeddable":true,"href":"https:\/\/valesafety.com.pe\/index.php?rest_route=%2Fwp%2Fv2%2Fproduct_brand&post=4132"},{"taxonomy":"product_cat","embeddable":true,"href":"https:\/\/valesafety.com.pe\/index.php?rest_route=%2Fwp%2Fv2%2Fproduct_cat&post=4132"},{"taxonomy":"product_tag","embeddable":true,"href":"https:\/\/valesafety.com.pe\/index.php?rest_route=%2Fwp%2Fv2%2Fproduct_tag&post=4132"}],"curies":[{"name":"wp","href":"https:\/\/api.w.org\/{rel}","templated":true}]}}