{"id":4129,"date":"2026-04-23T22:21:41","date_gmt":"2026-04-23T20:21:41","guid":{"rendered":"http:\/\/localhost\/borrador\/?post_type=product&#038;p=4129"},"modified":"2026-05-06T13:04:40","modified_gmt":"2026-05-06T18:04:40","slug":"botin-proton-eh-delta-plus","status":"publish","type":"product","link":"https:\/\/valesafety.com.pe\/?product=botin-proton-eh-delta-plus","title":{"rendered":"Bot\u00edn Prot\u00f3n EH Delta Plus"},"content":{"rendered":"<h2>Bot\u00edn Prot\u00f3n EH Deltaplus<\/h2>\n<ul>\n<li>Ca\u00f1a: Piel crup\u00f3n grabada.<\/li>\n<li>Forro: Malla Poliamida.<\/li>\n<li>Plantilla interior: Amovible preformada \u2013 Poliamida sobre EVA.<\/li>\n<li>Suela: Inyectada \u2013 PU bi-densidad. Calzado no magn\u00e9tico.<\/li>\n<li>Punta: Composite.<\/li>\n<li>Tallas: 36, 37, 38, 39, 40, 41, 42, 43, 44 y 45<\/li>\n<li>Color: Negro<\/li>\n<\/ul>\n<h3>Aplicaciones:<\/h3>\n<ul>\n<li>Agricultura \/ Espacios verdes<\/li>\n<li>Obra p\u00fablica \/ Construcci\u00f3n<\/li>\n<li>Industria ligera<\/li>\n<li>Industria minera<\/li>\n<li>Reformas \/ Profesional aut\u00f3nomo<\/li>\n<\/ul>\n<h3>Certificaci\u00f3n:<\/h3>\n<ul>\n<li>ASTM F 2413:2011\u00a0Especificaci\u00f3n est\u00e1ndar de los Requisitos de desempe\u00f1o para calzado de protecci\u00f3n (seguridad) con puntera.<\/li>\n<\/ul>\n<p>Necesitas m\u00e1s productos encu\u00e9ntralos en nuestra <a href=\"https:\/\/valesafety.com.pe\/tienda\">tienda .<\/a><\/p>\n<p>Para m\u00e1s informaci\u00f3n sobre este y otros productos, no dudes en contactarnos por\u00a0<a href=\"http:\/\/wa.me\/977762682\" target=\"_blank\" rel=\"noopener\">WhatsApp<\/a>.<\/p>\n","protected":false},"excerpt":{"rendered":"<p>Bot\u00edn Prot\u00f3n EH Deltaplus es una opci\u00f3n de calzado segura y duradera para ambientes industriales. Con su construcci\u00f3n duradera, puntera reforzada y suela antideslizante, brindan protecci\u00f3n confiable y comodidad ergon\u00f3mica durante largas jornadas laborales.<\/p>\n","protected":false},"featured_media":4158,"comment_status":"closed","ping_status":"closed","template":"","meta":{"_acf_changed":false},"product_brand":[27],"product_cat":[68,116],"product_tag":[187,188,189],"class_list":{"0":"post-4129","1":"product","2":"type-product","3":"status-publish","4":"has-post-thumbnail","6":"product_brand-deltaplus","7":"product_cat-zapatos-de-seguridad","8":"product_cat-zapatos-de-trabajo","9":"product_tag-delta-plus-peru","10":"product_tag-distribuidor-delta-plus","11":"product_tag-zapato-delta-plus","13":"first","14":"instock","15":"shipping-taxable","16":"purchasable","17":"product-type-simple"},"acf":[],"_links":{"self":[{"href":"https:\/\/valesafety.com.pe\/index.php?rest_route=\/wp\/v2\/product\/4129","targetHints":{"allow":["GET"]}}],"collection":[{"href":"https:\/\/valesafety.com.pe\/index.php?rest_route=\/wp\/v2\/product"}],"about":[{"href":"https:\/\/valesafety.com.pe\/index.php?rest_route=\/wp\/v2\/types\/product"}],"replies":[{"embeddable":true,"href":"https:\/\/valesafety.com.pe\/index.php?rest_route=%2Fwp%2Fv2%2Fcomments&post=4129"}],"wp:featuredmedia":[{"embeddable":true,"href":"https:\/\/valesafety.com.pe\/index.php?rest_route=\/wp\/v2\/media\/4158"}],"wp:attachment":[{"href":"https:\/\/valesafety.com.pe\/index.php?rest_route=%2Fwp%2Fv2%2Fmedia&parent=4129"}],"wp:term":[{"taxonomy":"product_brand","embeddable":true,"href":"https:\/\/valesafety.com.pe\/index.php?rest_route=%2Fwp%2Fv2%2Fproduct_brand&post=4129"},{"taxonomy":"product_cat","embeddable":true,"href":"https:\/\/valesafety.com.pe\/index.php?rest_route=%2Fwp%2Fv2%2Fproduct_cat&post=4129"},{"taxonomy":"product_tag","embeddable":true,"href":"https:\/\/valesafety.com.pe\/index.php?rest_route=%2Fwp%2Fv2%2Fproduct_tag&post=4129"}],"curies":[{"name":"wp","href":"https:\/\/api.w.org\/{rel}","templated":true}]}}