{"id":4128,"date":"2026-04-23T22:21:41","date_gmt":"2026-04-23T20:21:41","guid":{"rendered":"http:\/\/localhost\/borrador\/?post_type=product&#038;p=4128"},"modified":"2026-05-06T13:03:35","modified_gmt":"2026-05-06T18:03:35","slug":"botin-jumper3-s3-src-delta-plus","status":"publish","type":"product","link":"https:\/\/valesafety.com.pe\/?product=botin-jumper3-s3-src-delta-plus","title":{"rendered":"Bot\u00edn Jumper3 S3 SRC Delta Plus"},"content":{"rendered":"<h2>Bot\u00edn Jumper3 S3 SRC Delta Plus<\/h2>\n<ul>\n<li>Ca\u00f1a\u00a0: Piel crup\u00f3n grabada, tratamiento impermeable S3.<\/li>\n<li>Forro\u00a0: Poliamida mesh.<\/li>\n<li>Plantilla interior\u00a0: Fija \u2013 Poliamida sobre l\u00e1tex antibacteriano.<\/li>\n<li>Suela : Inyectada \u2013 PU bi-densidad.<\/li>\n<li>Talla: 36 &#8211; 48<\/li>\n<\/ul>\n<h3>CERTIFICACIONES<\/h3>\n<p class=\"card-text\">REGLAMENTACI\u00d3N (UE) 2016\/425<\/p>\n<p>EN ISO 20344:2011 Equipos de protecci\u00f3n personal &#8211; M\u00e9todos de ensayo para calzado<br \/>\n<i class=\"icon-ord-info\"><\/i><\/p>\n<p>EN ISO 20345:2011 Equipo de protecci\u00f3n individual. Calzado de seguridad<\/p>\n<p>S3 \u00a0\u00a0\u00a0\u00a0\u00a0 Exigencias adicionales para aplicaciones particulares<br \/>\nSRC\u00a0\u00a0\u00a0 Resistencia al deslizamiento<\/p>\n<p>&nbsp;<\/p>\n<p>Necesitas m\u00e1s productos encu\u00e9ntralos en nuestra <a href=\"https:\/\/valesafety.com.pe\/tienda\">tienda\u00a0<\/a><\/p>\n<p>Para m\u00e1s informaci\u00f3n sobre este y otros productos, no dudes en contactarnos por\u00a0<a href=\"http:\/\/wa.me\/51923151009\" target=\"_blank\" rel=\"noopener\">WhatsApp<\/a>.<\/p>\n","protected":false},"excerpt":{"rendered":"<p>Bot\u00edn Jumper3 S3 SRC Delta Plus el calzado de seguridad es de primera calidad, dise\u00f1ado para ambientes laborales extremadamente exigentes. Ofrecen un nivel m\u00e1ximo de protecci\u00f3n y comodidad con caracter\u00edsticas como puntera reforzada, suela resistente a la perforaci\u00f3n y protecci\u00f3n contra impactos.<\/p>\n","protected":false},"featured_media":4157,"comment_status":"closed","ping_status":"closed","template":"","meta":{"_acf_changed":false},"product_brand":[27],"product_cat":[68,116],"product_tag":[188,189],"class_list":{"0":"post-4128","1":"product","2":"type-product","3":"status-publish","4":"has-post-thumbnail","6":"product_brand-deltaplus","7":"product_cat-zapatos-de-seguridad","8":"product_cat-zapatos-de-trabajo","9":"product_tag-distribuidor-delta-plus","10":"product_tag-zapato-delta-plus","12":"first","13":"instock","14":"shipping-taxable","15":"purchasable","16":"product-type-simple"},"acf":[],"_links":{"self":[{"href":"https:\/\/valesafety.com.pe\/index.php?rest_route=\/wp\/v2\/product\/4128","targetHints":{"allow":["GET"]}}],"collection":[{"href":"https:\/\/valesafety.com.pe\/index.php?rest_route=\/wp\/v2\/product"}],"about":[{"href":"https:\/\/valesafety.com.pe\/index.php?rest_route=\/wp\/v2\/types\/product"}],"replies":[{"embeddable":true,"href":"https:\/\/valesafety.com.pe\/index.php?rest_route=%2Fwp%2Fv2%2Fcomments&post=4128"}],"wp:featuredmedia":[{"embeddable":true,"href":"https:\/\/valesafety.com.pe\/index.php?rest_route=\/wp\/v2\/media\/4157"}],"wp:attachment":[{"href":"https:\/\/valesafety.com.pe\/index.php?rest_route=%2Fwp%2Fv2%2Fmedia&parent=4128"}],"wp:term":[{"taxonomy":"product_brand","embeddable":true,"href":"https:\/\/valesafety.com.pe\/index.php?rest_route=%2Fwp%2Fv2%2Fproduct_brand&post=4128"},{"taxonomy":"product_cat","embeddable":true,"href":"https:\/\/valesafety.com.pe\/index.php?rest_route=%2Fwp%2Fv2%2Fproduct_cat&post=4128"},{"taxonomy":"product_tag","embeddable":true,"href":"https:\/\/valesafety.com.pe\/index.php?rest_route=%2Fwp%2Fv2%2Fproduct_tag&post=4128"}],"curies":[{"name":"wp","href":"https:\/\/api.w.org\/{rel}","templated":true}]}}