{"id":4127,"date":"2026-04-23T22:21:41","date_gmt":"2026-04-23T20:21:41","guid":{"rendered":"http:\/\/localhost\/borrador\/?post_type=product&#038;p=4127"},"modified":"2026-05-06T12:50:30","modified_gmt":"2026-05-06T17:50:30","slug":"botin-jumper-s1-delta-plus","status":"publish","type":"product","link":"https:\/\/valesafety.com.pe\/?product=botin-jumper-s1-delta-plus","title":{"rendered":"Bot\u00edn Jumper S1 Delta Plus"},"content":{"rendered":"<h2>Bot\u00edn Jumper S1 Delta Plus<\/h2>\n<ul>\n<li>Ca\u00f1a : Piel crup\u00f3n grabada.<\/li>\n<li>Forro : Poliamida mesh.<\/li>\n<li>Plantilla interior : Amovible preformada \u2013 Poli\u00e9ster sobre EVA.<\/li>\n<li>Puntera de seguridad: Acero Inoxidable<\/li>\n<li>Color: Negro<\/li>\n<li>Talla: 36-47<\/li>\n<li>Peso: 598 gramos por zapato<\/li>\n<li>EN ISO 20344:2011 Equipos de protecci\u00f3n personal \u2013 M\u00e9todos de ensayo para calzado<\/li>\n<li>EN ISO 20345:2011 Equipo de protecci\u00f3n individual. Calzado de seguridad.<\/li>\n<\/ul>\n<p>Necesitas m\u00e1s productos encu\u00e9ntralos en nuestra <a href=\"https:\/\/valesafety.com.pe\/tienda\">tienda\u00a0<\/a><\/p>\n<p>Para m\u00e1s informaci\u00f3n sobre este y otros productos, no dudes en contactarnos por\u00a0<a href=\"http:\/\/wa.me\/51923151009\" target=\"_blank\" rel=\"noopener\">WhatsApp<\/a>.<\/p>\n","protected":false},"excerpt":{"rendered":"<p>Bot\u00edn Jumper S1 <a href=\"https:\/\/valesafety.com.pe\/tienda?filter_marcas=delta-plus\">Delta Plus<\/a> es esencial para entornos laborales exigentes. Hechos de materiales duraderos con suela antideslizante, proporcionan protecci\u00f3n y comodidad. Durante largas jornadas de trabajo, su dise\u00f1o moderno y ergon\u00f3mico garantiza un ajuste seguro y confiable.<\/p>\n","protected":false},"featured_media":4156,"comment_status":"closed","ping_status":"closed","template":"","meta":{"_acf_changed":false},"product_brand":[27],"product_cat":[55,68,116],"product_tag":[188,189],"class_list":{"0":"post-4127","1":"product","2":"type-product","3":"status-publish","4":"has-post-thumbnail","6":"product_brand-deltaplus","7":"product_cat-ofertas","8":"product_cat-zapatos-de-seguridad","9":"product_cat-zapatos-de-trabajo","10":"product_tag-distribuidor-delta-plus","11":"product_tag-zapato-delta-plus","13":"first","14":"instock","15":"shipping-taxable","16":"purchasable","17":"product-type-simple"},"acf":[],"_links":{"self":[{"href":"https:\/\/valesafety.com.pe\/index.php?rest_route=\/wp\/v2\/product\/4127","targetHints":{"allow":["GET"]}}],"collection":[{"href":"https:\/\/valesafety.com.pe\/index.php?rest_route=\/wp\/v2\/product"}],"about":[{"href":"https:\/\/valesafety.com.pe\/index.php?rest_route=\/wp\/v2\/types\/product"}],"replies":[{"embeddable":true,"href":"https:\/\/valesafety.com.pe\/index.php?rest_route=%2Fwp%2Fv2%2Fcomments&post=4127"}],"wp:featuredmedia":[{"embeddable":true,"href":"https:\/\/valesafety.com.pe\/index.php?rest_route=\/wp\/v2\/media\/4156"}],"wp:attachment":[{"href":"https:\/\/valesafety.com.pe\/index.php?rest_route=%2Fwp%2Fv2%2Fmedia&parent=4127"}],"wp:term":[{"taxonomy":"product_brand","embeddable":true,"href":"https:\/\/valesafety.com.pe\/index.php?rest_route=%2Fwp%2Fv2%2Fproduct_brand&post=4127"},{"taxonomy":"product_cat","embeddable":true,"href":"https:\/\/valesafety.com.pe\/index.php?rest_route=%2Fwp%2Fv2%2Fproduct_cat&post=4127"},{"taxonomy":"product_tag","embeddable":true,"href":"https:\/\/valesafety.com.pe\/index.php?rest_route=%2Fwp%2Fv2%2Fproduct_tag&post=4127"}],"curies":[{"name":"wp","href":"https:\/\/api.w.org\/{rel}","templated":true}]}}